{"id":109,"date":"2024-03-28T21:19:08","date_gmt":"2024-03-28T20:19:08","guid":{"rendered":"https:\/\/mia.gov.me\/?page_id=109"},"modified":"2026-01-20T22:24:51","modified_gmt":"2026-01-20T21:24:51","slug":"legalizacija-objekta","status":"publish","type":"page","link":"https:\/\/mia.gov.me\/me\/investiraj\/regulativa\/legalizacija-objekta\/","title":{"rendered":"Legalizacija objekta"},"content":{"rendered":"\t\t<div data-elementor-type=\"wp-page\" data-elementor-id=\"109\" class=\"elementor elementor-109\" data-elementor-post-type=\"page\">\n\t\t\t\t<div class=\"elementor-element elementor-element-be6e0e1 e-flex e-con-boxed e-con e-parent\" data-id=\"be6e0e1\" data-element_type=\"container\" data-e-type=\"container\" data-settings=\"{&quot;background_background&quot;:&quot;classic&quot;,&quot;jet_parallax_layout_list&quot;:[]}\">\n\t\t\t\t\t<div class=\"e-con-inner\">\n\t\t\t\t<div class=\"elementor-element elementor-element-08ee0ef elementor-widget elementor-widget-sp-breadcrumbs\" data-id=\"08ee0ef\" data-element_type=\"widget\" data-e-type=\"widget\" data-widget_type=\"sp-breadcrumbs.default\">\n\t\t\t\t<div class=\"elementor-widget-container\">\n\t\t\t\t\t<nav  aria-label=\"breadcrumb\"><ol class=\"breadcrumb\" itemscope itemtype=\"https:\/\/schema.org\/BreadcrumbList\"><li class=\"breadcrumb-item active\" aria-current=\"page\" itemprop=\"itemListElement\" itemscope itemtype=\"https:\/\/schema.org\/ListItem\"><span itemprop=\"name\">Home<\/span><meta itemprop=\"position\" content=\"1\"><\/li><\/ol><\/nav>\t\t\t\t<\/div>\n\t\t\t\t<\/div>\n\t\t\t\t\t<\/div>\n\t\t\t\t<\/div>\n\t\t<div class=\"elementor-element elementor-element-f5e3dec e-flex e-con-boxed e-con e-parent\" data-id=\"f5e3dec\" data-element_type=\"container\" data-e-type=\"container\" data-settings=\"{&quot;background_background&quot;:&quot;classic&quot;,&quot;jet_parallax_layout_list&quot;:[]}\">\n\t\t\t\t\t<div class=\"e-con-inner\">\n\t\t\t\t<div class=\"elementor-element elementor-element-5c57e50 elementor-widget elementor-widget-jet-table\" data-id=\"5c57e50\" data-element_type=\"widget\" data-e-type=\"widget\" data-widget_type=\"jet-table.default\">\n\t\t\t\t<div class=\"elementor-widget-container\">\n\t\t\t\t\t<div class=\"elementor-jet-table jet-elements\">\n\t\t<div class=\"jet-table-wrapper jet-table-responsive-mobile\">\n\t\t\t<table class=\"jet-table jet-table--fa5-compat\">\n\t\t\t\t<thead class=\"jet-table__head\"><tr class=\"jet-table__head-row\"><th class=\"jet-table__cell elementor-repeater-item-d7c6b76 jet-table__head-cell\" scope=\"col\"><div class=\"jet-table__cell-inner\"><div class=\"jet-table__cell-content\"><div class=\"jet-table__cell-text\">#<\/div><\/div><\/div><\/th><th class=\"jet-table__cell elementor-repeater-item-83377b1 jet-table__head-cell\" scope=\"col\"><div class=\"jet-table__cell-inner\"><div class=\"jet-table__cell-content\"><div class=\"jet-table__cell-text\">Dokumentacija koju je potrebno prilo\u017eiti<\/div><\/div><\/div><\/th><th class=\"jet-table__cell elementor-repeater-item-9a406b3 jet-table__head-cell\" colspan=\"2\" scope=\"col\"><div class=\"jet-table__cell-inner\"><div class=\"jet-table__cell-content\"><div class=\"jet-table__cell-text\">Dokument<\/div><\/div><\/div><\/th><\/tr><\/thead>\n\t\t\t\t\t\t\t\t<tbody class=\"jet-table__body\"><tr class=\"jet-table__body-row elementor-repeater-item-7d351c3\"><td class=\"jet-table__cell elementor-repeater-item-73eb693 jet-table__body-cell\"><div class=\"jet-table__cell-inner\"><div class=\"jet-table__cell-content\"><div class=\"jet-table__cell-text\">1.<\/div><\/div><\/div><\/td><td class=\"jet-table__cell elementor-repeater-item-87df317 jet-table__body-cell\"><div class=\"jet-table__cell-inner\"><div class=\"jet-table__cell-content\"><div class=\"jet-table__cell-text\">Pribaviti studiju izvedenog stanja na objektu iz podru\u010dne jedinice Uprave za nekretnine<\/div><\/div><\/div><\/td><td class=\"jet-table__cell elementor-repeater-item-44da945 jet-table__body-cell\"><div class=\"jet-table__cell-inner\"><div class=\"jet-table__cell-content\"><\/div><\/div><\/td><\/tr><tr class=\"jet-table__body-row elementor-repeater-item-bc76471\"><td class=\"jet-table__cell elementor-repeater-item-7745bf3 jet-table__body-cell\"><div class=\"jet-table__cell-inner\"><div class=\"jet-table__cell-content\"><div class=\"jet-table__cell-text\">2.<\/div><\/div><\/div><\/td><td class=\"jet-table__cell elementor-repeater-item-1c925bd jet-table__body-cell\"><div class=\"jet-table__cell-inner\"><div class=\"jet-table__cell-content\"><div class=\"jet-table__cell-text\">Izvaditi list nepokretnosti<\/div><\/div><\/div><\/td><td class=\"jet-table__cell elementor-repeater-item-a78bfac jet-table__body-cell\"><a class=\"jet-table__cell-inner jet-table__cell-link\" href=\"https:\/\/mia.gov.me\/wp-content\/uploads\/Zahtjev_za_izdavanje_lista_nepokretnosti.pdf\"><div class=\"jet-table__cell-content\"><span class=\"jet-elements-icon jet-table__cell-icon jet-table__cell-icon--before\"><svg aria-hidden=\"true\" class=\"e-font-icon-svg e-fas-file-pdf\" viewBox=\"0 0 384 512\" xmlns=\"http:\/\/www.w3.org\/2000\/svg\"><path d=\"M181.9 256.1c-5-16-4.9-46.9-2-46.9 8.4 0 7.6 36.9 2 46.9zm-1.7 47.2c-7.7 20.2-17.3 43.3-28.4 62.7 18.3-7 39-17.2 62.9-21.9-12.7-9.6-24.9-23.4-34.5-40.8zM86.1 428.1c0 .8 13.2-5.4 34.9-40.2-6.7 6.3-29.1 24.5-34.9 40.2zM248 160h136v328c0 13.3-10.7 24-24 24H24c-13.3 0-24-10.7-24-24V24C0 10.7 10.7 0 24 0h200v136c0 13.2 10.8 24 24 24zm-8 171.8c-20-12.2-33.3-29-42.7-53.8 4.5-18.5 11.6-46.6 6.2-64.2-4.7-29.4-42.4-26.5-47.8-6.8-5 18.3-.4 44.1 8.1 77-11.6 27.6-28.7 64.6-40.8 85.8-.1 0-.1.1-.2.1-27.1 13.9-73.6 44.5-54.5 68 5.6 6.9 16 10 21.5 10 17.9 0 35.7-18 61.1-61.8 25.8-8.5 54.1-19.1 79-23.2 21.7 11.8 47.1 19.5 64 19.5 29.2 0 31.2-32 19.7-43.4-13.9-13.6-54.3-9.7-73.6-7.2zM377 105L279 7c-4.5-4.5-10.6-7-17-7h-6v128h128v-6.1c0-6.3-2.5-12.4-7-16.9zm-74.1 255.3c4.1-2.7-2.5-11.9-42.8-9 37.1 15.8 42.8 9 42.8 9z\"><\/path><\/svg><\/span><div class=\"jet-table__cell-text\">Preuzmi PDF<\/div><\/div><\/a><\/td><\/tr><tr class=\"jet-table__body-row elementor-repeater-item-99b3b12\"><td class=\"jet-table__cell elementor-repeater-item-06006a1 jet-table__body-cell\"><div class=\"jet-table__cell-inner\"><div class=\"jet-table__cell-content\"><div class=\"jet-table__cell-text\">3.<\/div><\/div><\/div><\/td><td class=\"jet-table__cell elementor-repeater-item-8c9c59e jet-table__body-cell\"><div class=\"jet-table__cell-inner\"><div class=\"jet-table__cell-content\"><div class=\"jet-table__cell-text\">Predati zahtjev za legalizaciju objekta Sekretarijatu za planiranje i ure\u0111enje prostora i za\u0161titu \u017eivotne sredine<\/div><\/div><\/div><\/td><td class=\"jet-table__cell elementor-repeater-item-7e8f216 jet-table__body-cell\"><a class=\"jet-table__cell-inner jet-table__cell-link\" href=\"https:\/\/mia.gov.me\/wp-content\/uploads\/Zahtjev-za-legalizaciju-objekta.docx\"><div class=\"jet-table__cell-content\"><span class=\"jet-elements-icon jet-table__cell-icon jet-table__cell-icon--before\"><svg aria-hidden=\"true\" class=\"e-font-icon-svg e-fas-file-word\" viewBox=\"0 0 384 512\" xmlns=\"http:\/\/www.w3.org\/2000\/svg\"><path d=\"M224 136V0H24C10.7 0 0 10.7 0 24v464c0 13.3 10.7 24 24 24h336c13.3 0 24-10.7 24-24V160H248c-13.2 0-24-10.8-24-24zm57.1 120H305c7.7 0 13.4 7.1 11.7 14.7l-38 168c-1.2 5.5-6.1 9.3-11.7 9.3h-38c-5.5 0-10.3-3.8-11.6-9.1-25.8-103.5-20.8-81.2-25.6-110.5h-.5c-1.1 14.3-2.4 17.4-25.6 110.5-1.3 5.3-6.1 9.1-11.6 9.1H117c-5.6 0-10.5-3.9-11.7-9.4l-37.8-168c-1.7-7.5 4-14.6 11.7-14.6h24.5c5.7 0 10.7 4 11.8 9.7 15.6 78 20.1 109.5 21 122.2 1.6-10.2 7.3-32.7 29.4-122.7 1.3-5.4 6.1-9.1 11.7-9.1h29.1c5.6 0 10.4 3.8 11.7 9.2 24 100.4 28.8 124 29.6 129.4-.2-11.2-2.6-17.8 21.6-129.2 1-5.6 5.9-9.5 11.5-9.5zM384 121.9v6.1H256V0h6.1c6.4 0 12.5 2.5 17 7l97.9 98c4.5 4.5 7 10.6 7 16.9z\"><\/path><\/svg><\/span><div class=\"jet-table__cell-text\">Preuzmi WORD<\/div><\/div><\/a><\/td><\/tr><tr class=\"jet-table__body-row elementor-repeater-item-fef73f2\"><td class=\"jet-table__cell elementor-repeater-item-cd1c878 jet-table__body-cell\"><div class=\"jet-table__cell-inner\"><div class=\"jet-table__cell-content\"><div class=\"jet-table__cell-text\">4.<\/div><\/div><\/div><\/td><td class=\"jet-table__cell elementor-repeater-item-592b0eb jet-table__body-cell\"><div class=\"jet-table__cell-inner\"><div class=\"jet-table__cell-content\"><div class=\"jet-table__cell-text\">Platiti propisane takse za legalizaciju objekta (Taksa 1)<\/div><\/div><\/div><\/td><td class=\"jet-table__cell elementor-repeater-item-49887f5 jet-table__body-cell\"><a class=\"jet-table__cell-inner jet-table__cell-link\" href=\"https:\/\/mia.gov.me\/wp-content\/uploads\/taksa-katastar-1.pdf\"><div class=\"jet-table__cell-content\"><span class=\"jet-elements-icon jet-table__cell-icon jet-table__cell-icon--before\"><svg aria-hidden=\"true\" class=\"e-font-icon-svg e-fas-file-pdf\" viewBox=\"0 0 384 512\" xmlns=\"http:\/\/www.w3.org\/2000\/svg\"><path d=\"M181.9 256.1c-5-16-4.9-46.9-2-46.9 8.4 0 7.6 36.9 2 46.9zm-1.7 47.2c-7.7 20.2-17.3 43.3-28.4 62.7 18.3-7 39-17.2 62.9-21.9-12.7-9.6-24.9-23.4-34.5-40.8zM86.1 428.1c0 .8 13.2-5.4 34.9-40.2-6.7 6.3-29.1 24.5-34.9 40.2zM248 160h136v328c0 13.3-10.7 24-24 24H24c-13.3 0-24-10.7-24-24V24C0 10.7 10.7 0 24 0h200v136c0 13.2 10.8 24 24 24zm-8 171.8c-20-12.2-33.3-29-42.7-53.8 4.5-18.5 11.6-46.6 6.2-64.2-4.7-29.4-42.4-26.5-47.8-6.8-5 18.3-.4 44.1 8.1 77-11.6 27.6-28.7 64.6-40.8 85.8-.1 0-.1.1-.2.1-27.1 13.9-73.6 44.5-54.5 68 5.6 6.9 16 10 21.5 10 17.9 0 35.7-18 61.1-61.8 25.8-8.5 54.1-19.1 79-23.2 21.7 11.8 47.1 19.5 64 19.5 29.2 0 31.2-32 19.7-43.4-13.9-13.6-54.3-9.7-73.6-7.2zM377 105L279 7c-4.5-4.5-10.6-7-17-7h-6v128h128v-6.1c0-6.3-2.5-12.4-7-16.9zm-74.1 255.3c4.1-2.7-2.5-11.9-42.8-9 37.1 15.8 42.8 9 42.8 9z\"><\/path><\/svg><\/span><div class=\"jet-table__cell-text\">Preuzmi PDF<\/div><\/div><\/a><\/td><\/tr><tr class=\"jet-table__body-row elementor-repeater-item-9882a6a\"><td class=\"jet-table__cell elementor-repeater-item-b1f6890 jet-table__body-cell\"><div class=\"jet-table__cell-inner\"><div class=\"jet-table__cell-content\"><\/div><\/div><\/td><td class=\"jet-table__cell elementor-repeater-item-e6ea5d7 jet-table__body-cell\"><div class=\"jet-table__cell-inner\"><div class=\"jet-table__cell-content\"><div class=\"jet-table__cell-text\">Platiti propisane takse za legalizaciju objekta (Taksa 2)<\/div><\/div><\/div><\/td><td class=\"jet-table__cell elementor-repeater-item-6492d42 jet-table__body-cell\"><a class=\"jet-table__cell-inner jet-table__cell-link\" href=\"https:\/\/mia.gov.me\/wp-content\/uploads\/taksa-katastar-2.pdf\"><div class=\"jet-table__cell-content\"><span class=\"jet-elements-icon jet-table__cell-icon jet-table__cell-icon--before\"><svg aria-hidden=\"true\" class=\"e-font-icon-svg e-fas-file-pdf\" viewBox=\"0 0 384 512\" xmlns=\"http:\/\/www.w3.org\/2000\/svg\"><path d=\"M181.9 256.1c-5-16-4.9-46.9-2-46.9 8.4 0 7.6 36.9 2 46.9zm-1.7 47.2c-7.7 20.2-17.3 43.3-28.4 62.7 18.3-7 39-17.2 62.9-21.9-12.7-9.6-24.9-23.4-34.5-40.8zM86.1 428.1c0 .8 13.2-5.4 34.9-40.2-6.7 6.3-29.1 24.5-34.9 40.2zM248 160h136v328c0 13.3-10.7 24-24 24H24c-13.3 0-24-10.7-24-24V24C0 10.7 10.7 0 24 0h200v136c0 13.2 10.8 24 24 24zm-8 171.8c-20-12.2-33.3-29-42.7-53.8 4.5-18.5 11.6-46.6 6.2-64.2-4.7-29.4-42.4-26.5-47.8-6.8-5 18.3-.4 44.1 8.1 77-11.6 27.6-28.7 64.6-40.8 85.8-.1 0-.1.1-.2.1-27.1 13.9-73.6 44.5-54.5 68 5.6 6.9 16 10 21.5 10 17.9 0 35.7-18 61.1-61.8 25.8-8.5 54.1-19.1 79-23.2 21.7 11.8 47.1 19.5 64 19.5 29.2 0 31.2-32 19.7-43.4-13.9-13.6-54.3-9.7-73.6-7.2zM377 105L279 7c-4.5-4.5-10.6-7-17-7h-6v128h128v-6.1c0-6.3-2.5-12.4-7-16.9zm-74.1 255.3c4.1-2.7-2.5-11.9-42.8-9 37.1 15.8 42.8 9 42.8 9z\"><\/path><\/svg><\/span><div class=\"jet-table__cell-text\">Preuzmi PDF<\/div><\/div><\/a><\/td><\/tr><\/tbody>\n\t\t\t<\/table>\n\t\t<\/div>\n\n\t\t<\/div>\t\t\t\t<\/div>\n\t\t\t\t<\/div>\n\t\t\t\t\t<\/div>\n\t\t\t\t<\/div>\n\t\t<div class=\"elementor-element elementor-element-d9deae2 e-flex e-con-boxed e-con e-parent\" data-id=\"d9deae2\" data-element_type=\"container\" data-e-type=\"container\" data-settings=\"{&quot;background_background&quot;:&quot;classic&quot;,&quot;jet_parallax_layout_list&quot;:[]}\">\n\t\t\t\t\t<div class=\"e-con-inner\">\n\t\t<div class=\"elementor-element elementor-element-cbd9ba8 e-con-full e-flex e-con e-child\" data-id=\"cbd9ba8\" data-element_type=\"container\" data-e-type=\"container\" data-settings=\"{&quot;jet_parallax_layout_list&quot;:[]}\">\n\t\t\t\t<div class=\"elementor-element elementor-element-1b41104 elementor-widget elementor-widget-heading\" data-id=\"1b41104\" data-element_type=\"widget\" data-e-type=\"widget\" data-widget_type=\"heading.default\">\n\t\t\t\t<div class=\"elementor-widget-container\">\n\t\t\t\t\t<h6 class=\"elementor-heading-title elementor-size-default\">Potreban Vam je savjet? Mi nudimo profesionalnu pomo\u0107!<\/h6>\t\t\t\t<\/div>\n\t\t\t\t<\/div>\n\t\t\t\t<div class=\"elementor-element elementor-element-071cffc elementor-widget elementor-widget-text-editor\" data-id=\"071cffc\" data-element_type=\"widget\" data-e-type=\"widget\" data-widget_type=\"text-editor.default\">\n\t\t\t\t<div class=\"elementor-widget-container\">\n\t\t\t\t\t\t\t\t\t<p>Kontaktirajte nas za vi\u0161e informacija o na\u0161im uslugama.<\/p>\t\t\t\t\t\t\t\t<\/div>\n\t\t\t\t<\/div>\n\t\t\t\t<\/div>\n\t\t<div class=\"elementor-element elementor-element-cc7ca00 e-con-full e-flex e-con e-child\" data-id=\"cc7ca00\" data-element_type=\"container\" data-e-type=\"container\" data-settings=\"{&quot;jet_parallax_layout_list&quot;:[]}\">\n\t\t\t\t<div class=\"elementor-element elementor-element-ed3604f elementor-align-center elementor-widget elementor-widget-button\" data-id=\"ed3604f\" data-element_type=\"widget\" data-e-type=\"widget\" data-widget_type=\"button.default\">\n\t\t\t\t<div class=\"elementor-widget-container\">\n\t\t\t\t\t\t\t\t\t<div class=\"elementor-button-wrapper\">\n\t\t\t\t\t<a class=\"elementor-button elementor-button-link elementor-size-sm\" href=\"https:\/\/mia.gov.me\/me\/kontakt\/\">\n\t\t\t\t\t\t<span class=\"elementor-button-content-wrapper\">\n\t\t\t\t\t\t\t\t\t<span class=\"elementor-button-text\">Kontaktirajte nas<\/span>\n\t\t\t\t\t<\/span>\n\t\t\t\t\t<\/a>\n\t\t\t\t<\/div>\n\t\t\t\t\t\t\t\t<\/div>\n\t\t\t\t<\/div>\n\t\t\t\t<\/div>\n\t\t\t\t\t<\/div>\n\t\t\t\t<\/div>\n\t\t\t\t<\/div>\n\t\t","protected":false},"excerpt":{"rendered":"<p>Home # Dokumentacija koju je potrebno prilo\u017eiti Dokument 1. Pribaviti studiju izvedenog stanja na objektu iz podru\u010dne jedinice Uprave za nekretnine 2. Izvaditi list nepokretnosti Preuzmi PDF 3. Predati zahtjev za legalizaciju objekta Sekretarijatu za planiranje i ure\u0111enje prostora i za\u0161titu \u017eivotne sredine Preuzmi WORD 4. Platiti propisane takse za legalizaciju objekta (Taksa 1) Preuzmi [&hellip;]<\/p>\n","protected":false},"author":3,"featured_media":0,"parent":85,"menu_order":0,"comment_status":"closed","ping_status":"closed","template":"","meta":{"_seopress_robots_primary_cat":"","_seopress_titles_title":"","_seopress_titles_desc":"","_seopress_robots_index":"","footnotes":""},"class_list":["post-109","page","type-page","status-publish","hentry"],"_links":{"self":[{"href":"https:\/\/mia.gov.me\/me\/wp-json\/wp\/v2\/pages\/109","targetHints":{"allow":["GET"]}}],"collection":[{"href":"https:\/\/mia.gov.me\/me\/wp-json\/wp\/v2\/pages"}],"about":[{"href":"https:\/\/mia.gov.me\/me\/wp-json\/wp\/v2\/types\/page"}],"author":[{"embeddable":true,"href":"https:\/\/mia.gov.me\/me\/wp-json\/wp\/v2\/users\/3"}],"replies":[{"embeddable":true,"href":"https:\/\/mia.gov.me\/me\/wp-json\/wp\/v2\/comments?post=109"}],"version-history":[{"count":16,"href":"https:\/\/mia.gov.me\/me\/wp-json\/wp\/v2\/pages\/109\/revisions"}],"predecessor-version":[{"id":5523,"href":"https:\/\/mia.gov.me\/me\/wp-json\/wp\/v2\/pages\/109\/revisions\/5523"}],"up":[{"embeddable":true,"href":"https:\/\/mia.gov.me\/me\/wp-json\/wp\/v2\/pages\/85"}],"wp:attachment":[{"href":"https:\/\/mia.gov.me\/me\/wp-json\/wp\/v2\/media?parent=109"}],"curies":[{"name":"wp","href":"https:\/\/api.w.org\/{rel}","templated":true}]}}