{"id":121,"date":"2024-03-28T21:19:52","date_gmt":"2024-03-28T20:19:52","guid":{"rendered":"https:\/\/mia.gov.me\/?page_id=121"},"modified":"2024-04-24T22:08:26","modified_gmt":"2024-04-24T21:08:26","slug":"registar-nameta","status":"publish","type":"page","link":"https:\/\/mia.gov.me\/me\/investiraj\/regulativa\/registar-nameta\/","title":{"rendered":"Registar nameta"},"content":{"rendered":"\t\t<div data-elementor-type=\"wp-page\" data-elementor-id=\"121\" class=\"elementor elementor-121\" data-elementor-post-type=\"page\">\n\t\t\t\t<div class=\"elementor-element elementor-element-23e128b e-flex e-con-boxed e-con e-parent\" data-id=\"23e128b\" data-element_type=\"container\" data-e-type=\"container\" data-settings=\"{&quot;background_background&quot;:&quot;classic&quot;,&quot;jet_parallax_layout_list&quot;:[]}\">\n\t\t\t\t\t<div class=\"e-con-inner\">\n\t\t\t\t<div class=\"elementor-element elementor-element-0264aad elementor-widget elementor-widget-heading\" data-id=\"0264aad\" data-element_type=\"widget\" data-e-type=\"widget\" data-widget_type=\"heading.default\">\n\t\t\t\t<div class=\"elementor-widget-container\">\n\t\t\t\t\t<h2 class=\"elementor-heading-title elementor-size-default\">Registar nameta \u2013 na jednom mjestu podaci o nametima na lokalnom i dr\u017eavnom nivou<\/h2>\t\t\t\t<\/div>\n\t\t\t\t<\/div>\n\t\t\t\t<div class=\"elementor-element elementor-element-8a70c25 elementor-widget elementor-widget-sp-breadcrumbs\" data-id=\"8a70c25\" data-element_type=\"widget\" data-e-type=\"widget\" data-widget_type=\"sp-breadcrumbs.default\">\n\t\t\t\t<div class=\"elementor-widget-container\">\n\t\t\t\t\t<nav  aria-label=\"breadcrumb\"><ol class=\"breadcrumb\" itemscope itemtype=\"https:\/\/schema.org\/BreadcrumbList\"><li class=\"breadcrumb-item active\" aria-current=\"page\" itemprop=\"itemListElement\" itemscope itemtype=\"https:\/\/schema.org\/ListItem\"><span itemprop=\"name\">Home<\/span><meta itemprop=\"position\" content=\"1\"><\/li><\/ol><\/nav>\t\t\t\t<\/div>\n\t\t\t\t<\/div>\n\t\t\t\t\t<\/div>\n\t\t\t\t<\/div>\n\t\t<div class=\"elementor-element elementor-element-55ffb7b e-flex e-con-boxed e-con e-parent\" data-id=\"55ffb7b\" data-element_type=\"container\" data-e-type=\"container\" data-settings=\"{&quot;background_background&quot;:&quot;classic&quot;,&quot;jet_parallax_layout_list&quot;:[]}\">\n\t\t\t\t\t<div class=\"e-con-inner\">\n\t\t\t\t<div class=\"elementor-element elementor-element-7c04d80 elementor-widget elementor-widget-text-editor\" data-id=\"7c04d80\" data-element_type=\"widget\" data-e-type=\"widget\" data-widget_type=\"text-editor.default\">\n\t\t\t\t<div class=\"elementor-widget-container\">\n\t\t\t\t\t\t\t\t\t<p>Sekretarijat Savjeta za konkurentnost razvio je Jedinstveni registar nameta, koji je dostupan gra\u0111anima i zainteresovanim subjektima u Crnoj Gori i inostranstvu.<\/p><p>Registar sadr\u017ei 2.293 nameta ili oko 28.000 raznovrsnih nameta, koji su propisani u vi\u0161e od 830 zakonskih i podzakonskih propisa.<\/p><p>Osnovni cilj kreiranja ovog registra je centralizacija podataka o nametima koji se napla\u0107uju u Crnoj Gori, na dr\u017eavnom i lokalnom nivou, a u cilju pojednostavljenja procesa poslovanja i pove\u0107anja transparentnosti.<\/p><p>Nameti su opisani, izme\u0111u ostalog, atributima koji defini\u0161u: vrstu, visinu nameta, na\u010din uplate, oblast ili sektor za koji se primjenjuju, propise koji su osnov za dono\u0161enje i utvr\u0111ivanje iznosa nameta.<\/p><p>Registar omogu\u0107ava javnom sektoru da ima uvid u optere\u0107enost nametima po sektorima privrede, analizira neophodnost postoje\u0107ih nameta i na osnovu tih inputa donosi odluku u kojim slu\u010dajevima se namet mo\u017ee smanjiti, odlo\u017eiti ili ukinuti. Ova baza treba da pomogne donosiocima odluka pri izradi nove regulative i utvr\u0111ivanja novih nameta. Sa druge strane, za privredu ovakav registar omogu\u0107uje da na transparentan na\u010din ima uvid u listu nameta i iznos istih za oblasti koje se odnose na njihovo poslovanje, kao i mogu\u0107nost da unaprijed izra\u010dunaju i planiraju tro\u0161kove koji se odnose na njihove obaveze prema javnom sektoru.<\/p><p>Registar nameta je dostupan na:\u00a0 <a href=\"https:\/\/javninameti.gov.me\/\" target=\"_blank\" rel=\"noopener\">https:\/\/javninameti.gov.me\/<\/a><\/p>\t\t\t\t\t\t\t\t<\/div>\n\t\t\t\t<\/div>\n\t\t\t\t\t<\/div>\n\t\t\t\t<\/div>\n\t\t\t\t<\/div>\n\t\t","protected":false},"excerpt":{"rendered":"<p>Registar nameta \u2013 na jednom mjestu podaci o nametima na lokalnom i dr\u017eavnom nivou Home Sekretarijat Savjeta za konkurentnost razvio je Jedinstveni registar nameta, koji je dostupan gra\u0111anima i zainteresovanim subjektima u Crnoj Gori i inostranstvu. Registar sadr\u017ei 2.293 nameta ili oko 28.000 raznovrsnih nameta, koji su propisani u vi\u0161e od 830 zakonskih i podzakonskih [&hellip;]<\/p>\n","protected":false},"author":3,"featured_media":0,"parent":85,"menu_order":0,"comment_status":"closed","ping_status":"closed","template":"","meta":{"_seopress_robots_primary_cat":"","_seopress_titles_title":"","_seopress_titles_desc":"","_seopress_robots_index":"","footnotes":""},"class_list":["post-121","page","type-page","status-publish","hentry"],"_links":{"self":[{"href":"https:\/\/mia.gov.me\/me\/wp-json\/wp\/v2\/pages\/121","targetHints":{"allow":["GET"]}}],"collection":[{"href":"https:\/\/mia.gov.me\/me\/wp-json\/wp\/v2\/pages"}],"about":[{"href":"https:\/\/mia.gov.me\/me\/wp-json\/wp\/v2\/types\/page"}],"author":[{"embeddable":true,"href":"https:\/\/mia.gov.me\/me\/wp-json\/wp\/v2\/users\/3"}],"replies":[{"embeddable":true,"href":"https:\/\/mia.gov.me\/me\/wp-json\/wp\/v2\/comments?post=121"}],"version-history":[{"count":10,"href":"https:\/\/mia.gov.me\/me\/wp-json\/wp\/v2\/pages\/121\/revisions"}],"predecessor-version":[{"id":1975,"href":"https:\/\/mia.gov.me\/me\/wp-json\/wp\/v2\/pages\/121\/revisions\/1975"}],"up":[{"embeddable":true,"href":"https:\/\/mia.gov.me\/me\/wp-json\/wp\/v2\/pages\/85"}],"wp:attachment":[{"href":"https:\/\/mia.gov.me\/me\/wp-json\/wp\/v2\/media?parent=121"}],"curies":[{"name":"wp","href":"https:\/\/api.w.org\/{rel}","templated":true}]}}