{"id":2729,"date":"2024-06-01T22:58:15","date_gmt":"2024-06-01T21:58:15","guid":{"rendered":"https:\/\/mia.gov.me\/?page_id=2729"},"modified":"2024-06-02T13:16:39","modified_gmt":"2024-06-02T12:16:39","slug":"pristup-trzistu","status":"publish","type":"page","link":"https:\/\/mia.gov.me\/me\/pristup-trzistu\/","title":{"rendered":"Pristup tr\u017ei\u0161tu"},"content":{"rendered":"\t\t<div data-elementor-type=\"wp-page\" data-elementor-id=\"2729\" class=\"elementor elementor-2729\" data-elementor-post-type=\"page\">\n\t\t\t\t<div class=\"elementor-element elementor-element-4d21c9b e-flex e-con-boxed e-con e-parent\" data-id=\"4d21c9b\" data-element_type=\"container\" data-e-type=\"container\" data-settings=\"{&quot;background_background&quot;:&quot;classic&quot;,&quot;jet_parallax_layout_list&quot;:[]}\">\n\t\t\t\t\t<div class=\"e-con-inner\">\n\t\t\t\t<div class=\"elementor-element elementor-element-4e21f24 elementor-widget elementor-widget-heading\" data-id=\"4e21f24\" data-element_type=\"widget\" data-e-type=\"widget\" data-widget_type=\"heading.default\">\n\t\t\t\t<div class=\"elementor-widget-container\">\n\t\t\t\t\t<h2 class=\"elementor-heading-title elementor-size-default\">Pristup tr\u017ei\u0161tu<\/h2>\t\t\t\t<\/div>\n\t\t\t\t<\/div>\n\t\t\t\t<div class=\"elementor-element elementor-element-a7dc3d4 elementor-widget elementor-widget-sp-breadcrumbs\" data-id=\"a7dc3d4\" data-element_type=\"widget\" data-e-type=\"widget\" data-widget_type=\"sp-breadcrumbs.default\">\n\t\t\t\t<div class=\"elementor-widget-container\">\n\t\t\t\t\t<nav  aria-label=\"breadcrumb\"><ol class=\"breadcrumb\" itemscope itemtype=\"https:\/\/schema.org\/BreadcrumbList\"><li class=\"breadcrumb-item active\" aria-current=\"page\" itemprop=\"itemListElement\" itemscope itemtype=\"https:\/\/schema.org\/ListItem\"><span itemprop=\"name\">Home<\/span><meta itemprop=\"position\" content=\"1\"><\/li><\/ol><\/nav>\t\t\t\t<\/div>\n\t\t\t\t<\/div>\n\t\t\t\t\t<\/div>\n\t\t\t\t<\/div>\n\t\t<div class=\"elementor-element elementor-element-cd51fab e-flex e-con-boxed e-con e-parent\" data-id=\"cd51fab\" data-element_type=\"container\" data-e-type=\"container\" data-settings=\"{&quot;background_background&quot;:&quot;classic&quot;,&quot;jet_parallax_layout_list&quot;:[]}\">\n\t\t\t\t\t<div class=\"e-con-inner\">\n\t\t\t\t<div class=\"elementor-element elementor-element-d48cf17 elementor-widget elementor-widget-text-editor\" data-id=\"d48cf17\" data-element_type=\"widget\" data-e-type=\"widget\" data-widget_type=\"text-editor.default\">\n\t\t\t\t<div class=\"elementor-widget-container\">\n\t\t\t\t\t\t\t\t\t<div class=\"page_content_wrap page_paddings_yes\"><div class=\"content_wrap\"><div class=\"content\"><article class=\"itemscope post_item post_item_single post_featured_default post_format_standard post-1877 page type-page status-publish hentry\"><section class=\"post_content\"><div class=\"vc_row wpb_row vc_row-fluid\"><div class=\"wpb_column vc_column_container vc_col-sm-12\"><div class=\"vc_column-inner\"><div class=\"wpb_wrapper\"><div class=\"wpb_text_column wpb_content_element \"><div class=\"wpb_wrapper\"><p>Kao logisti\u010dka baza, Crna Gora je savr\u0161ena ta\u010dka na mapi za kompanije koje svoje proizvode izvoze na tr\u017ei\u0161te EU, Jugoisto\u010dne Evrope kao i Bliskog Istoka. Mogu\u0107nost transporta kopnenim, vazdu\u0161nim i pomorskim putem garantuje jedinstven pristup tr\u017ei\u0161tima i dostavu svih proizvoda na vrijeme.<\/p><\/div><\/div><\/div><\/div><\/div><\/div><\/section><\/article><\/div><\/div><\/div>\t\t\t\t\t\t\t\t<\/div>\n\t\t\t\t<\/div>\n\t\t\t\t<div class=\"elementor-element elementor-element-c214495 elementor-blockquote--skin-border elementor-widget elementor-widget-blockquote\" data-id=\"c214495\" data-element_type=\"widget\" data-e-type=\"widget\" data-widget_type=\"blockquote.default\">\n\t\t\t\t<div class=\"elementor-widget-container\">\n\t\t\t\t\t\t\t<blockquote class=\"elementor-blockquote\">\n\t\t\t<p class=\"elementor-blockquote__content\">\n\t\t\t\t\u201cKupci iz Velike Britanije na\u0161e proizvode koje proizvodimo u Crnoj Gori dobijaju ta\u010dno na vrijeme.\u201d Mr. Kiminori Shigemitsu, predsjednik Daido Metal-a, japanske kompanije koja posluje u Crnoj Gori u sektoru automobilske industrije\t\t\t<\/p>\n\t\t\t\t\t<\/blockquote>\n\t\t\t\t\t\t<\/div>\n\t\t\t\t<\/div>\n\t\t\t\t<div class=\"elementor-element elementor-element-360d329 elementor-widget elementor-widget-text-editor\" data-id=\"360d329\" data-element_type=\"widget\" data-e-type=\"widget\" data-widget_type=\"text-editor.default\">\n\t\t\t\t<div class=\"elementor-widget-container\">\n\t\t\t\t\t\t\t\t\t<div class=\"page_content_wrap page_paddings_yes\"><div class=\"content_wrap\"><div class=\"content\"><article class=\"itemscope post_item post_item_single post_featured_default post_format_standard post-1877 page type-page status-publish hentry\"><section class=\"post_content\"><div class=\"vc_row wpb_row vc_row-fluid\"><div class=\"wpb_column vc_column_container vc_col-sm-12\"><div class=\"vc_column-inner\"><div class=\"wpb_wrapper\"><div class=\"wpb_text_column wpb_content_element \"><div class=\"wpb_wrapper\"><p>Crna Gora je potpisnica 6 multilateralnih ugovora o slobodnoj trgovini: Central European Free Trade Agreement (CEFTA), European Free Trade Association (EFTA), iUgovor o slobodnoj trgovini sa Rusijom, Ugovor o slobodnoj trgovini sa Ukrajinom, Ugovor o slobodnoj trgovini sa Turskom, kao i Sporazum o stabilizaciji i pridru\u017eivanju sa EU.<\/p><p>Ovi ugovori omogu\u0107avaju crnogorskim izvoznicima pristup tr\u017ei\u0161tima od gotovo milijardu potro\u0161a\u010da<\/p><\/div><\/div><\/div><\/div><\/div><\/div><\/section><\/article><\/div><\/div><\/div>\t\t\t\t\t\t\t\t<\/div>\n\t\t\t\t<\/div>\n\t\t\t\t\t<\/div>\n\t\t\t\t<\/div>\n\t\t<div class=\"elementor-element elementor-element-c29d356 e-flex e-con-boxed e-con e-parent\" data-id=\"c29d356\" data-element_type=\"container\" data-e-type=\"container\" data-settings=\"{&quot;background_background&quot;:&quot;classic&quot;,&quot;jet_parallax_layout_list&quot;:[]}\">\n\t\t\t\t\t<div class=\"e-con-inner\">\n\t\t<div class=\"elementor-element elementor-element-3300542 e-con-full e-flex e-con e-child\" data-id=\"3300542\" data-element_type=\"container\" data-e-type=\"container\" data-settings=\"{&quot;jet_parallax_layout_list&quot;:[]}\">\n\t\t\t\t<div class=\"elementor-element elementor-element-baa6a09 elementor-widget elementor-widget-heading\" data-id=\"baa6a09\" data-element_type=\"widget\" data-e-type=\"widget\" data-widget_type=\"heading.default\">\n\t\t\t\t<div class=\"elementor-widget-container\">\n\t\t\t\t\t<h2 class=\"elementor-heading-title elementor-size-default\">Statisti\u010dki pregled stranih direktnih investicija <\/h2>\t\t\t\t<\/div>\n\t\t\t\t<\/div>\n\t\t\t\t<div class=\"elementor-element elementor-element-b6f4ca7 elementor-widget-divider--view-line elementor-widget elementor-widget-divider\" data-id=\"b6f4ca7\" data-element_type=\"widget\" data-e-type=\"widget\" data-widget_type=\"divider.default\">\n\t\t\t\t<div class=\"elementor-widget-container\">\n\t\t\t\t\t\t\t<div class=\"elementor-divider\">\n\t\t\t<span class=\"elementor-divider-separator\">\n\t\t\t\t\t\t<\/span>\n\t\t<\/div>\n\t\t\t\t\t\t<\/div>\n\t\t\t\t<\/div>\n\t\t\t\t<\/div>\n\t\t<div class=\"elementor-element elementor-element-c0968d9 e-con-full e-flex e-con e-child\" data-id=\"c0968d9\" data-element_type=\"container\" data-e-type=\"container\" data-settings=\"{&quot;jet_parallax_layout_list&quot;:[]}\">\n\t\t\t\t<div class=\"elementor-element elementor-element-b8450f9 elementor-widget elementor-widget-text-editor\" data-id=\"b8450f9\" data-element_type=\"widget\" data-e-type=\"widget\" data-widget_type=\"text-editor.default\">\n\t\t\t\t<div class=\"elementor-widget-container\">\n\t\t\t\t\t\t\t\t\t<p>Ukupan priliv direktnih stranih investicija u Crnu Goru od obnove nezavisnosti 2006. godine do 31.12.2023. godine iznosio je 13,8 milijardi \u20ac, prema podacima iz Centralne banke Crne Gore.<\/p><p>Ukupan priliv SDI od 2019. do 2023. godine iznosio je 4,38 milijardi \u20ac. Od tog iznosa 859,9 miliona evra ulo\u017eeno je u domac\u0301a preduzec\u0301a i banke, 1,7 milijardi priliva registrovano je u vidu me\u0111ukompanijskog duga, 1,48 milijardi je ulo\u017eeno u sektor nekretnina, a 296,9 miliona u ostalo.<\/p><p>U ovom petogodi\u0161njem periodu najvi\u0161e investicija je bilo iz sledec\u0301ih zemalja:<\/p>\t\t\t\t\t\t\t\t<\/div>\n\t\t\t\t<\/div>\n\t\t\t\t<\/div>\n\t\t<div class=\"elementor-element elementor-element-e6ef9d3 e-con-full e-flex e-con e-child\" data-id=\"e6ef9d3\" data-element_type=\"container\" data-e-type=\"container\" data-settings=\"{&quot;jet_parallax_layout_list&quot;:[]}\">\n\t\t\t\t<div class=\"elementor-element elementor-element-f3746d5 elementor-widget elementor-widget-jet-pie-chart\" data-id=\"f3746d5\" data-element_type=\"widget\" data-e-type=\"widget\" data-widget_type=\"jet-pie-chart.default\">\n\t\t\t\t<div class=\"elementor-widget-container\">\n\t\t\t\t\t<div class=\"elementor-jet-pie-chart jet-elements\"><div class=\"jet-pie-chart-title-container\"><h4 class=\"jet-pie-chart-title\">Priliv SDI 2019-2023 po dr\u017eavama u procentima<\/h4><\/div>\n\t\t<div class=\"jet-pie-chart-container\" data-chart=\"{&quot;datasets&quot;:[{&quot;data&quot;:[34.7,13.77,9.25,7.95,6.98,6.24,5.5,4.69,4.19,4.11,2.57],&quot;backgroundColor&quot;:[&quot;#B80B13&quot;,&quot;#BF0C14&quot;,&quot;#CE1C24&quot;,&quot;#D43B42&quot;,&quot;#D84248&quot;,&quot;#D75252&quot;,&quot;#DD5E62&quot;,&quot;#D47679&quot;,&quot;#D88387&quot;,&quot;#E28E8E&quot;,&quot;#DB9699&quot;],&quot;borderWidth&quot;:0,&quot;borderColor&quot;:&quot;#ffffff&quot;,&quot;hoverBorderColor&quot;:&quot;#ffffff&quot;}],&quot;labels&quot;:[&quot;Druge dr\\u017eave&quot;,&quot;Ruska Federacija&quot;,&quot;Srbija&quot;,&quot;\\u0160vajcarska&quot;,&quot;Azerbejd\\u017ean&quot;,&quot;Njema\\u010dka&quot;,&quot;UAE&quot;,&quot;Italija&quot;,&quot;USA&quot;,&quot;Turska&quot;,&quot;Kipar&quot;]}\" data-options=\"{&quot;animation&quot;:{&quot;duration&quot;:1000,&quot;easing&quot;:&quot;easeOutQuart&quot;,&quot;animateScale&quot;:false},&quot;legend&quot;:{&quot;display&quot;:true,&quot;position&quot;:&quot;bottom&quot;,&quot;reverse&quot;:false,&quot;align&quot;:&quot;center&quot;,&quot;labels&quot;:{&quot;boxWidth&quot;:15,&quot;fontSize&quot;:14}},&quot;tooltips&quot;:{&quot;enabled&quot;:true}}\" data-tooltip=\"%\">\n\t\t\t<canvas class=\"jet-pie-chart\" role=\"img\" aria-label=\"Priliv SDI 2019-2023 po dr\u017eavama u procentima\"><\/canvas>\n\t\t<\/div>\n\n\t\t<\/div>\t\t\t\t<\/div>\n\t\t\t\t<\/div>\n\t\t\t\t<\/div>\n\t\t\t\t\t<\/div>\n\t\t\t\t<\/div>\n\t\t<div class=\"elementor-element elementor-element-8896f04 e-flex e-con-boxed e-con e-parent\" data-id=\"8896f04\" data-element_type=\"container\" data-e-type=\"container\" data-settings=\"{&quot;background_background&quot;:&quot;classic&quot;,&quot;jet_parallax_layout_list&quot;:[]}\">\n\t\t\t\t\t<div class=\"e-con-inner\">\n\t\t<div class=\"elementor-element elementor-element-1f8b6c9 e-con-full e-flex e-con e-child\" data-id=\"1f8b6c9\" data-element_type=\"container\" data-e-type=\"container\" data-settings=\"{&quot;jet_parallax_layout_list&quot;:[]}\">\n\t\t\t\t<div class=\"elementor-element elementor-element-be44145 elementor-widget elementor-widget-heading\" data-id=\"be44145\" data-element_type=\"widget\" data-e-type=\"widget\" data-widget_type=\"heading.default\">\n\t\t\t\t<div class=\"elementor-widget-container\">\n\t\t\t\t\t<h4 class=\"elementor-heading-title elementor-size-default\">Ukupan priliv SDI u Crnoj Gori od obnove nezavisnosti do kraja 2023. godine<\/h4>\t\t\t\t<\/div>\n\t\t\t\t<\/div>\n\t\t\t\t<div class=\"elementor-element elementor-element-f9ac04b elementor-widget elementor-widget-jet-bar-chart\" data-id=\"f9ac04b\" data-element_type=\"widget\" data-e-type=\"widget\" data-widget_type=\"jet-bar-chart.default\">\n\t\t\t\t<div class=\"elementor-widget-container\">\n\t\t\t\t\t<div class=\"elementor-jet-bar-chart jet-elements\">\t\t<div class=\"jet-bar-chart-container\" data-settings=\"{&quot;type&quot;:&quot;bar&quot;,&quot;data&quot;:{&quot;labels&quot;:[&quot;2006&quot;,&quot;2007&quot;,&quot;2008&quot;,&quot;2009&quot;,&quot;2010&quot;,&quot;2011&quot;,&quot;2012&quot;,&quot;2013&quot;,&quot;2014&quot;,&quot;2015&quot;,&quot;2016&quot;,&quot;2017&quot;,&quot;2018&quot;,&quot;2019&quot;,&quot;2020&quot;,&quot;2021&quot;,&quot;2022&quot;,&quot;2023&quot;],&quot;datasets&quot;:[{&quot;data&quot;:[644.3,1057.23,847.32,1224,652.84,494.74,633.69,479.19,498.08,757.44,686.38,587.38,858.11,778.52,666.04,928.08,1151.67,856.99],&quot;bg_color&quot;:&quot;#CD171F&quot;,&quot;bg_hover_color&quot;:&quot;#CC474D&quot;,&quot;border_color&quot;:&quot;#DD4B3900&quot;,&quot;border_hover_color&quot;:&quot;#DD4B3900&quot;,&quot;_id&quot;:&quot;839ac34&quot;,&quot;__globals__&quot;:{&quot;bg_color&quot;:&quot;&quot;,&quot;bg_hover_color&quot;:&quot;&quot;},&quot;label&quot;:&quot;&quot;,&quot;backgroundColor&quot;:&quot;#CD171F&quot;,&quot;hoverBackgroundColor&quot;:&quot;#CC474D&quot;,&quot;borderColor&quot;:&quot;#DD4B3900&quot;,&quot;hoverBorderColor&quot;:&quot;#DD4B3900&quot;,&quot;borderWidth&quot;:1}]},&quot;options&quot;:{&quot;tooltips&quot;:{&quot;enabled&quot;:true},&quot;legend&quot;:{&quot;display&quot;:false,&quot;position&quot;:&quot;top&quot;,&quot;reverse&quot;:false,&quot;align&quot;:&quot;center&quot;},&quot;maintainAspectRatio&quot;:false,&quot;scales&quot;:{&quot;yAxes&quot;:[{&quot;ticks&quot;:{&quot;display&quot;:true,&quot;beginAtZero&quot;:true,&quot;max&quot;:1400,&quot;stepSize&quot;:100},&quot;gridLines&quot;:{&quot;drawBorder&quot;:false,&quot;color&quot;:&quot;rgba(0,0,0,0.05)&quot;}}],&quot;xAxes&quot;:[{&quot;ticks&quot;:{&quot;display&quot;:true,&quot;beginAtZero&quot;:true,&quot;max&quot;:1400,&quot;stepSize&quot;:100},&quot;gridLines&quot;:{&quot;drawBorder&quot;:false,&quot;color&quot;:&quot;rgba(0,0,0,0.05)&quot;}}]}}}\" data-tooltip-prefix=\"\" data-tooltip-suffix=\" mil. \u20ac\" data-tooltip-separator=\"\" data-axis-separator=\"true\" data-labels-length=\"50\">\n\t\t\t<canvas class=\"jet-bar-chart\" role=\"img\"><\/canvas>\n\t\t<\/div>\n\t\t<\/div>\t\t\t\t<\/div>\n\t\t\t\t<\/div>\n\t\t\t\t<\/div>\n\t\t\t\t\t<\/div>\n\t\t\t\t<\/div>\n\t\t<div class=\"elementor-element elementor-element-e7192da e-flex e-con-boxed e-con e-parent\" data-id=\"e7192da\" data-element_type=\"container\" data-e-type=\"container\" data-settings=\"{&quot;background_background&quot;:&quot;classic&quot;,&quot;jet_parallax_layout_list&quot;:[]}\">\n\t\t\t\t\t<div class=\"e-con-inner\">\n\t\t<div class=\"elementor-element elementor-element-9d01582 e-con-full e-flex e-con e-child\" data-id=\"9d01582\" data-element_type=\"container\" data-e-type=\"container\" data-settings=\"{&quot;jet_parallax_layout_list&quot;:[]}\">\n\t\t\t\t<div class=\"elementor-element elementor-element-b2a7f79 elementor-widget elementor-widget-heading\" data-id=\"b2a7f79\" data-element_type=\"widget\" data-e-type=\"widget\" data-widget_type=\"heading.default\">\n\t\t\t\t<div class=\"elementor-widget-container\">\n\t\t\t\t\t<h6 class=\"elementor-heading-title elementor-size-default\">Potreban Vam je savjet? Mi nudimo profesionalnu pomo\u0107!<\/h6>\t\t\t\t<\/div>\n\t\t\t\t<\/div>\n\t\t\t\t<div class=\"elementor-element elementor-element-cdefd7c elementor-widget elementor-widget-text-editor\" data-id=\"cdefd7c\" data-element_type=\"widget\" data-e-type=\"widget\" data-widget_type=\"text-editor.default\">\n\t\t\t\t<div class=\"elementor-widget-container\">\n\t\t\t\t\t\t\t\t\t<p>Kontaktirajte nas za vi\u0161e informacija o na\u0161im uslugama.<\/p>\t\t\t\t\t\t\t\t<\/div>\n\t\t\t\t<\/div>\n\t\t\t\t<\/div>\n\t\t<div class=\"elementor-element elementor-element-e9fb852 e-con-full e-flex e-con e-child\" data-id=\"e9fb852\" data-element_type=\"container\" data-e-type=\"container\" data-settings=\"{&quot;jet_parallax_layout_list&quot;:[]}\">\n\t\t\t\t<div class=\"elementor-element elementor-element-9feab37 elementor-align-center elementor-widget elementor-widget-button\" data-id=\"9feab37\" data-element_type=\"widget\" data-e-type=\"widget\" data-widget_type=\"button.default\">\n\t\t\t\t<div class=\"elementor-widget-container\">\n\t\t\t\t\t\t\t\t\t<div class=\"elementor-button-wrapper\">\n\t\t\t\t\t<a class=\"elementor-button elementor-button-link elementor-size-sm\" href=\"https:\/\/mia.gov.me\/me\/kontakt\/\">\n\t\t\t\t\t\t<span class=\"elementor-button-content-wrapper\">\n\t\t\t\t\t\t\t\t\t<span class=\"elementor-button-text\">Kontaktirajte nas<\/span>\n\t\t\t\t\t<\/span>\n\t\t\t\t\t<\/a>\n\t\t\t\t<\/div>\n\t\t\t\t\t\t\t\t<\/div>\n\t\t\t\t<\/div>\n\t\t\t\t<\/div>\n\t\t\t\t\t<\/div>\n\t\t\t\t<\/div>\n\t\t\t\t<\/div>\n\t\t","protected":false},"excerpt":{"rendered":"<p>Pristup tr\u017ei\u0161tu Home Kao logisti\u010dka baza, Crna Gora je savr\u0161ena ta\u010dka na mapi za kompanije koje svoje proizvode izvoze na tr\u017ei\u0161te EU, Jugoisto\u010dne Evrope kao i Bliskog Istoka. Mogu\u0107nost transporta kopnenim, vazdu\u0161nim i pomorskim putem garantuje jedinstven pristup tr\u017ei\u0161tima i dostavu svih proizvoda na vrijeme. \u201cKupci iz Velike Britanije na\u0161e proizvode koje proizvodimo u Crnoj [&hellip;]<\/p>\n","protected":false},"author":4,"featured_media":0,"parent":0,"menu_order":0,"comment_status":"closed","ping_status":"closed","template":"","meta":{"_seopress_robots_primary_cat":"","_seopress_titles_title":"","_seopress_titles_desc":"","_seopress_robots_index":"","footnotes":""},"class_list":["post-2729","page","type-page","status-publish","hentry"],"_links":{"self":[{"href":"https:\/\/mia.gov.me\/me\/wp-json\/wp\/v2\/pages\/2729","targetHints":{"allow":["GET"]}}],"collection":[{"href":"https:\/\/mia.gov.me\/me\/wp-json\/wp\/v2\/pages"}],"about":[{"href":"https:\/\/mia.gov.me\/me\/wp-json\/wp\/v2\/types\/page"}],"author":[{"embeddable":true,"href":"https:\/\/mia.gov.me\/me\/wp-json\/wp\/v2\/users\/4"}],"replies":[{"embeddable":true,"href":"https:\/\/mia.gov.me\/me\/wp-json\/wp\/v2\/comments?post=2729"}],"version-history":[{"count":7,"href":"https:\/\/mia.gov.me\/me\/wp-json\/wp\/v2\/pages\/2729\/revisions"}],"predecessor-version":[{"id":2850,"href":"https:\/\/mia.gov.me\/me\/wp-json\/wp\/v2\/pages\/2729\/revisions\/2850"}],"wp:attachment":[{"href":"https:\/\/mia.gov.me\/me\/wp-json\/wp\/v2\/media?parent=2729"}],"curies":[{"name":"wp","href":"https:\/\/api.w.org\/{rel}","templated":true}]}}