{"id":5677,"date":"2026-02-21T21:38:03","date_gmt":"2026-02-21T20:38:03","guid":{"rendered":"https:\/\/mia.gov.me\/?page_id=5677"},"modified":"2026-02-21T21:49:30","modified_gmt":"2026-02-21T20:49:30","slug":"mapiranje-potencijala-u-sektoru-obnovljivih-izvora-energije","status":"publish","type":"page","link":"https:\/\/mia.gov.me\/me\/investiraj\/mapiranje-potencijala-u-sektoru-obnovljivih-izvora-energije\/","title":{"rendered":"Mapiranje potencijala u sektoru obnovljivih izvora energije"},"content":{"rendered":"\t\t<div data-elementor-type=\"wp-page\" data-elementor-id=\"5677\" class=\"elementor elementor-5677\" data-elementor-post-type=\"page\">\n\t\t\t\t<div class=\"elementor-element elementor-element-f9c1068 e-flex e-con-boxed e-con e-parent\" data-id=\"f9c1068\" data-element_type=\"container\" data-e-type=\"container\" data-settings=\"{&quot;background_background&quot;:&quot;classic&quot;,&quot;jet_parallax_layout_list&quot;:[]}\">\n\t\t\t\t\t<div class=\"e-con-inner\">\n\t\t\t\t<div class=\"elementor-element elementor-element-f8846ab elementor-widget elementor-widget-sp-breadcrumbs\" data-id=\"f8846ab\" data-element_type=\"widget\" data-e-type=\"widget\" data-widget_type=\"sp-breadcrumbs.default\">\n\t\t\t\t<div class=\"elementor-widget-container\">\n\t\t\t\t\t<nav  aria-label=\"breadcrumb\"><ol class=\"breadcrumb\" itemscope itemtype=\"https:\/\/schema.org\/BreadcrumbList\"><li class=\"breadcrumb-item active\" aria-current=\"page\" itemprop=\"itemListElement\" itemscope itemtype=\"https:\/\/schema.org\/ListItem\"><span itemprop=\"name\">Home<\/span><meta itemprop=\"position\" content=\"1\"><\/li><\/ol><\/nav>\t\t\t\t<\/div>\n\t\t\t\t<\/div>\n\t\t\t\t\t<\/div>\n\t\t\t\t<\/div>\n\t\t<div class=\"elementor-element elementor-element-3d4c72d e-flex e-con-boxed e-con e-parent\" data-id=\"3d4c72d\" data-element_type=\"container\" data-e-type=\"container\" data-settings=\"{&quot;background_background&quot;:&quot;classic&quot;,&quot;jet_parallax_layout_list&quot;:[]}\">\n\t\t\t\t\t<div class=\"e-con-inner\">\n\t\t\t\t<div class=\"elementor-element elementor-element-778a719 elementor-widget elementor-widget-heading\" data-id=\"778a719\" data-element_type=\"widget\" data-e-type=\"widget\" data-widget_type=\"heading.default\">\n\t\t\t\t<div class=\"elementor-widget-container\">\n\t\t\t\t\t<h4 class=\"elementor-heading-title elementor-size-default\">Vodi\u010d za pametno planiranje projekata u sektoru obnovljivih izvora energije: Montenegro Energy Growth and Acceleration (MEGA)<\/h4>\t\t\t\t<\/div>\n\t\t\t\t<\/div>\n\t\t\t\t<div class=\"elementor-element elementor-element-9372a44 elementor-widget elementor-widget-text-editor\" data-id=\"9372a44\" data-element_type=\"widget\" data-e-type=\"widget\" data-widget_type=\"text-editor.default\">\n\t\t\t\t<div class=\"elementor-widget-container\">\n\t\t\t\t\t\t\t\t\t<p><strong>Balansiranje obnovljive energije, za\u0161tite prirode i prioriteta zajednice.<\/strong><\/p><p>Pokrenut od strane globalne organizacije The Nature Conservancy (TNC) i lokalne NVO Eco-Team, u saradnji sa Agencijom za investicije Crne Gore, u oktobru 2024. godine, projekat Montenegro Energy Growth and Acceleration (MEGA) primijenio je TNC-ov pristup pametnog planiranja lokacija kako bi razvio scenario za pozicioniranje solarnih i vjetroelektrana sa niskim nivoom konflikta na teritoriji cijele dr\u017eave.<\/p><p>Kroz upravljanje Savjetodavnog odbora, projekat je podr\u017ean od strane resornih ministarstava Vlade Crne Gore, me\u0111unarodnih finansijskih institucija i Sekretarijata Energetske zajednice, kroz razmjenu podataka, nadzor nad izradom studije, kao i verifikaciju i potvr\u0111ivanje rezultata.<\/p><p>Glavni rezultat studije je detaljno mapiranje potencijala za razvoj obnovljivih izvora energije \u0161irom Crne Gore, uklju\u010duju\u0107i lokacije pogodne za progla\u0161enje Podru\u010dja ubrzanog razvoja obnovljivih izvora energije (RAA).<\/p><p>Primjena ovog pristupa u Crnoj Gori mo\u017ee se podijeliti u \u010detiri koraka:<\/p><ol class=\"wp-block-list\"><li>Identifikovanje i primjena ograni\u010denja:<br \/>Podru\u010dja sa faktorima koji onemogu\u0107avaju razvoj vjetroelektrana ili solarnih elektrana komunalnog obima (&gt;5 MW) eliminisana su, bilo iz ekolo\u0161kih razloga (npr. nagib i konfiguracija terena) ili pravnih razloga (npr. stambene zone i zone stroge za\u0161tite u nacionalnim parkovima).<\/li><li>Izra\u010dunavanje razvojnog potencijala:<br \/>Procijenjeni su parametri koji uti\u010du na izvodljivost projekata vjetra i sunca, kao \u0161to su dostupnost resursa (npr. prosje\u010dne brzine vjetra i solarna iradijacija), dostupnost infrastrukture (npr. blizina i kapacitet elektroenergetske mre\u017ee, puteva) ili blizina centara potro\u0161nje. Ovim parametrima su, na osnovu detaljnih stru\u010dnih inputa, dodijeljene ponderisane vrijednosti u prora\u010dunima.<\/li><li>Procjena potencijala konflikta:<br \/>Prikupljen je niz skupova podataka koji se odnose na razli\u010dite kategorije konflikta, poput podru\u010dja zna\u010dajnih za biodiverzitet (npr. va\u017ena podru\u010dja za ptice i druga ekolo\u0161ki zna\u010dajna podru\u010dja), zona sa pove\u0107anom socio-kulturnom vrijedno\u0161\u0107u (npr. sakralna arhitektura, pejza\u017ei visoke vizuelne vrijednosti) ili prirodnih resursa (npr. vrijedne \u0161ume i poljoprivredno zemlji\u0161te visoke vrijednosti).<\/li><li>Objedinjavanje podataka:<br \/>Koraci 1\u20133 su vizualizovani i preklopljeni na mapama kako bi se identifikovale optimalne lokacije, daju\u0107i prioritet podru\u010djima sa niskim potencijalom konflikta i visokim razvojnim potencijalom.<\/li><\/ol><p>\u00a0<\/p><p>Iako je proces bio zasnovan na intenzivnoj obradi podataka, ova metodologija je rezultirala detaljnim i primjenjivim mapiranjem potencijala za razvoj obnovljivih izvora energije, kao i generisanjem skupova podataka o kapacitetu mre\u017ee, brownfield lokacijama i ruralnim naseljima, koji imaju dodatnu vrijednost i van okvira projekta.<\/p>\t\t\t\t\t\t\t\t<\/div>\n\t\t\t\t<\/div>\n\t\t\t\t<div class=\"elementor-element elementor-element-f0b52ad elementor-widget elementor-widget-html\" data-id=\"f0b52ad\" data-element_type=\"widget\" data-e-type=\"widget\" data-widget_type=\"html.default\">\n\t\t\t\t<div class=\"elementor-widget-container\">\n\t\t\t\t\t<iframe src=\"https:\/\/tnc.maps.arcgis.com\/apps\/instant\/basic\/index.html?appid=aea1a9eebb8449cf824c678bfa6a7342\" width=\"400\" height=\"600\" frameborder=\"0\" style=\"border:0\" allowfullscreen>iFrames are not supported on this page.<\/iframe>\t\t\t\t<\/div>\n\t\t\t\t<\/div>\n\t\t\t\t<div class=\"elementor-element elementor-element-71ff2cb elementor-widget elementor-widget-text-editor\" data-id=\"71ff2cb\" data-element_type=\"widget\" data-e-type=\"widget\" data-widget_type=\"text-editor.default\">\n\t\t\t\t<div class=\"elementor-widget-container\">\n\t\t\t\t\t\t\t\t\t<p>Za vjetroelektrane je identifikovano pribli\u017eno 650 MW kapaciteta na povr\u0161ini od 65 km\u00b2 \u2013 \u0161to je podru\u010dje uporedivo po veli\u010dini sa Petnjicom, jednom od najmanjih op\u0161tina u Crnoj Gori. \u00a9 TNC<\/p><p>Istra\u017eite pametne mape planiranja objekata OIE za Crnu Goru.<\/p><p>Ovaj interaktivni prikaz omogu\u0107ava pristup svakom sloju mapiranja, kao i objedinjeni prikaz.<\/p>\t\t\t\t\t\t\t\t<\/div>\n\t\t\t\t<\/div>\n\t\t\t\t<div class=\"elementor-element elementor-element-cae5eb3 elementor-widget elementor-widget-button\" data-id=\"cae5eb3\" data-element_type=\"widget\" data-e-type=\"widget\" data-widget_type=\"button.default\">\n\t\t\t\t<div class=\"elementor-widget-container\">\n\t\t\t\t\t\t\t\t\t<div class=\"elementor-button-wrapper\">\n\t\t\t\t\t<a class=\"elementor-button elementor-button-link elementor-size-sm\" href=\"https:\/\/tnc.maps.arcgis.com\/apps\/instant\/basic\/index.html?appid=aea1a9eebb8449cf824c678bfa6a7342\" target=\"_blank\">\n\t\t\t\t\t\t<span class=\"elementor-button-content-wrapper\">\n\t\t\t\t\t\t\t\t\t<span class=\"elementor-button-text\">Mape planiranja objekata OIE za Crnu Goru<\/span>\n\t\t\t\t\t<\/span>\n\t\t\t\t\t<\/a>\n\t\t\t\t<\/div>\n\t\t\t\t\t\t\t\t<\/div>\n\t\t\t\t<\/div>\n\t\t\t\t\t<\/div>\n\t\t\t\t<\/div>\n\t\t\t\t<\/div>\n\t\t","protected":false},"excerpt":{"rendered":"<p>Home Vodi\u010d za pametno planiranje projekata u sektoru obnovljivih izvora energije: Montenegro Energy Growth and Acceleration (MEGA) Balansiranje obnovljive energije, za\u0161tite prirode i prioriteta zajednice. Pokrenut od strane globalne organizacije The Nature Conservancy (TNC) i lokalne NVO Eco-Team, u saradnji sa Agencijom za investicije Crne Gore, u oktobru 2024. godine, projekat Montenegro Energy Growth and [&hellip;]<\/p>\n","protected":false},"author":3,"featured_media":0,"parent":63,"menu_order":0,"comment_status":"closed","ping_status":"closed","template":"","meta":{"_seopress_robots_primary_cat":"","_seopress_titles_title":"","_seopress_titles_desc":"","_seopress_robots_index":"","footnotes":""},"class_list":["post-5677","page","type-page","status-publish","hentry"],"_links":{"self":[{"href":"https:\/\/mia.gov.me\/me\/wp-json\/wp\/v2\/pages\/5677","targetHints":{"allow":["GET"]}}],"collection":[{"href":"https:\/\/mia.gov.me\/me\/wp-json\/wp\/v2\/pages"}],"about":[{"href":"https:\/\/mia.gov.me\/me\/wp-json\/wp\/v2\/types\/page"}],"author":[{"embeddable":true,"href":"https:\/\/mia.gov.me\/me\/wp-json\/wp\/v2\/users\/3"}],"replies":[{"embeddable":true,"href":"https:\/\/mia.gov.me\/me\/wp-json\/wp\/v2\/comments?post=5677"}],"version-history":[{"count":4,"href":"https:\/\/mia.gov.me\/me\/wp-json\/wp\/v2\/pages\/5677\/revisions"}],"predecessor-version":[{"id":5684,"href":"https:\/\/mia.gov.me\/me\/wp-json\/wp\/v2\/pages\/5677\/revisions\/5684"}],"up":[{"embeddable":true,"href":"https:\/\/mia.gov.me\/me\/wp-json\/wp\/v2\/pages\/63"}],"wp:attachment":[{"href":"https:\/\/mia.gov.me\/me\/wp-json\/wp\/v2\/media?parent=5677"}],"curies":[{"name":"wp","href":"https:\/\/api.w.org\/{rel}","templated":true}]}}