{"id":5737,"date":"2026-03-20T21:54:15","date_gmt":"2026-03-20T20:54:15","guid":{"rendered":"https:\/\/mia.gov.me\/?page_id=5737"},"modified":"2026-03-31T13:26:34","modified_gmt":"2026-03-31T12:26:34","slug":"o-projektu","status":"publish","type":"page","link":"https:\/\/mia.gov.me\/me\/aim\/o-projektu\/","title":{"rendered":"O projektu"},"content":{"rendered":"\t\t<div data-elementor-type=\"wp-page\" data-elementor-id=\"5737\" class=\"elementor elementor-5737\" data-elementor-post-type=\"page\">\n\t\t\t\t<div class=\"elementor-element elementor-element-71f390b e-flex e-con-boxed e-con e-parent\" data-id=\"71f390b\" data-element_type=\"container\" data-e-type=\"container\" data-settings=\"{&quot;background_background&quot;:&quot;classic&quot;,&quot;jet_parallax_layout_list&quot;:[]}\">\n\t\t\t\t\t<div class=\"e-con-inner\">\n\t\t\t\t<div class=\"elementor-element elementor-element-2a2afcb elementor-widget elementor-widget-sp-breadcrumbs\" data-id=\"2a2afcb\" data-element_type=\"widget\" data-e-type=\"widget\" data-widget_type=\"sp-breadcrumbs.default\">\n\t\t\t\t<div class=\"elementor-widget-container\">\n\t\t\t\t\t<nav  aria-label=\"breadcrumb\"><ol class=\"breadcrumb\" itemscope itemtype=\"https:\/\/schema.org\/BreadcrumbList\"><li class=\"breadcrumb-item active\" aria-current=\"page\" itemprop=\"itemListElement\" itemscope itemtype=\"https:\/\/schema.org\/ListItem\"><span itemprop=\"name\">Home<\/span><meta itemprop=\"position\" content=\"1\"><\/li><\/ol><\/nav>\t\t\t\t<\/div>\n\t\t\t\t<\/div>\n\t\t\t\t\t<\/div>\n\t\t\t\t<\/div>\n\t\t<div class=\"elementor-element elementor-element-a412121 e-flex e-con-boxed e-con e-parent\" data-id=\"a412121\" data-element_type=\"container\" data-e-type=\"container\" data-settings=\"{&quot;background_background&quot;:&quot;classic&quot;,&quot;jet_parallax_layout_list&quot;:[]}\">\n\t\t\t\t\t<div class=\"e-con-inner\">\n\t\t\t\t<div class=\"elementor-element elementor-element-007c8df elementor-widget elementor-widget-heading\" data-id=\"007c8df\" data-element_type=\"widget\" data-e-type=\"widget\" data-widget_type=\"heading.default\">\n\t\t\t\t<div class=\"elementor-widget-container\">\n\t\t\t\t\t<h3 class=\"elementor-heading-title elementor-size-default\">Accelerating Investment in Montenegro<\/h3>\t\t\t\t<\/div>\n\t\t\t\t<\/div>\n\t\t\t\t<div class=\"elementor-element elementor-element-cf4dfcf elementor-widget elementor-widget-text-editor\" data-id=\"cf4dfcf\" data-element_type=\"widget\" data-e-type=\"widget\" data-widget_type=\"text-editor.default\">\n\t\t\t\t<div class=\"elementor-widget-container\">\n\t\t\t\t\t\t\t\t\t<p>Accelerating Investment in Montenegro (AIM projekat predstavlja jedan od najva\u017enijih instrumenata za unapre\u0111enje investicione klime i ekonomskog razvoja Crne Gore. Kroz digitalizaciju, inovacije, ciljanu promociju i reforme, projekat postavlja temelje za dugoro\u010dno pove\u0107anje investicija i ja\u010danje konkurentnosti crnogorske privrede.<\/p><p>AIM je strate\u0161ki projekat koji sprovodi Agencija za investicije Crne Gore, a finansira se kombinacijom EU granta i nacionalnog doprinosa. Evropska unija je obezbijedila grant u iznosu od 1.000.000 EUR, kao bespovratna sredstva namijenjena ja\u010danju investicionog ambijenta, digitalnih alata i inovacionog ekosistema Crne Gore. Pored toga, Crna Gora je obezbijedila nacionalni doprinos od 990.000 EUR, kroz Fond za inovacije, \u010dime ukupna vrijednost projekta iznosi 1.990.000 EUR.<\/p><p>Kao EU grant, ova sredstva predstavljaju nepovratnu finansijsku podr\u0161ku Evropske unije, namijenjenu sprovo\u0111enju ciljanih aktivnosti koje ja\u010daju konkurentnost privrede, unapre\u0111uju investicionu promociju i omogu\u0107avaju br\u017ee uklanjanje regulatornih barijera za investitore kroz IPA III<br \/>instrument.<\/p><p>U cilju sprovo\u0111enja navedenog projekta, Agencija za investicije Crne Gore je sprovela postupak izbora konsultanta koji \u0107e pru\u017eati tehni\u010dku i stu\u010dnu podr\u0161ku u cilju realizacije aktivnosti predvi\u0111enih projektom. Postupak je sproveden u skladu sa regulativom Evropske unije, a komisiju za izbor su \u010dinili predstavnici Agencije i eksterni konsultanti.<\/p><p>Ciljevi projekta<\/p><ul style=\"margin-top: 0in;\" type=\"disc\"><li style=\"margin-left: 0in; text-align: left;\">Pove\u0107anje priliva stranih investicija kroz ciljanu promociju Crne Gore kao atraktivne destinacije<br \/><u><\/u><u><\/u><\/li><li style=\"margin-left: 0in; text-align: left;\">Ja\u010danje kapaciteta doma\u0107ih preduze\u0107a i njihovo povezivanje sa investitorima iz EU i drugih tr\u017ei\u0161ta.<u><\/u><u><\/u><\/li><li style=\"margin-left: 0in; text-align: left;\">Uklanjanje regulatornih i administrativnih barijera koje ograni\u010davaju investicije.<u><\/u><u><\/u><\/li><li>Razvoj inovacionog ekosistema u skladu sa Strategijom pametne specijalizacije.<\/li><\/ul>\t\t\t\t\t\t\t\t<\/div>\n\t\t\t\t<\/div>\n\t\t\t\t\t<\/div>\n\t\t\t\t<\/div>\n\t\t\t\t<\/div>\n\t\t","protected":false},"excerpt":{"rendered":"<p>Home Accelerating Investment in Montenegro Accelerating Investment in Montenegro (AIM projekat predstavlja jedan od najva\u017enijih instrumenata za unapre\u0111enje investicione klime i ekonomskog razvoja Crne Gore. Kroz digitalizaciju, inovacije, ciljanu promociju i reforme, projekat postavlja temelje za dugoro\u010dno pove\u0107anje investicija i ja\u010danje konkurentnosti crnogorske privrede. AIM je strate\u0161ki projekat koji sprovodi Agencija za investicije Crne Gore, [&hellip;]<\/p>\n","protected":false},"author":3,"featured_media":0,"parent":5731,"menu_order":0,"comment_status":"closed","ping_status":"closed","template":"","meta":{"_seopress_robots_primary_cat":"","_seopress_titles_title":"","_seopress_titles_desc":"","_seopress_robots_index":"","footnotes":""},"class_list":["post-5737","page","type-page","status-publish","hentry"],"_links":{"self":[{"href":"https:\/\/mia.gov.me\/me\/wp-json\/wp\/v2\/pages\/5737","targetHints":{"allow":["GET"]}}],"collection":[{"href":"https:\/\/mia.gov.me\/me\/wp-json\/wp\/v2\/pages"}],"about":[{"href":"https:\/\/mia.gov.me\/me\/wp-json\/wp\/v2\/types\/page"}],"author":[{"embeddable":true,"href":"https:\/\/mia.gov.me\/me\/wp-json\/wp\/v2\/users\/3"}],"replies":[{"embeddable":true,"href":"https:\/\/mia.gov.me\/me\/wp-json\/wp\/v2\/comments?post=5737"}],"version-history":[{"count":8,"href":"https:\/\/mia.gov.me\/me\/wp-json\/wp\/v2\/pages\/5737\/revisions"}],"predecessor-version":[{"id":5776,"href":"https:\/\/mia.gov.me\/me\/wp-json\/wp\/v2\/pages\/5737\/revisions\/5776"}],"up":[{"embeddable":true,"href":"https:\/\/mia.gov.me\/me\/wp-json\/wp\/v2\/pages\/5731"}],"wp:attachment":[{"href":"https:\/\/mia.gov.me\/me\/wp-json\/wp\/v2\/media?parent=5737"}],"curies":[{"name":"wp","href":"https:\/\/api.w.org\/{rel}","templated":true}]}}