{"id":5755,"date":"2026-03-20T22:22:08","date_gmt":"2026-03-20T21:22:08","guid":{"rendered":"https:\/\/mia.gov.me\/?page_id=5755"},"modified":"2026-03-31T13:26:20","modified_gmt":"2026-03-31T12:26:20","slug":"strateska-investiciona-partnerstva","status":"publish","type":"page","link":"https:\/\/mia.gov.me\/me\/aim\/aktivnosti\/strateska-investiciona-partnerstva\/","title":{"rendered":"Strate\u0161ka investiciona partnerstva"},"content":{"rendered":"\t\t<div data-elementor-type=\"wp-page\" data-elementor-id=\"5755\" class=\"elementor elementor-5755\" data-elementor-post-type=\"page\">\n\t\t\t\t<div class=\"elementor-element elementor-element-8420c2d e-flex e-con-boxed e-con e-parent\" data-id=\"8420c2d\" data-element_type=\"container\" data-e-type=\"container\" data-settings=\"{&quot;background_background&quot;:&quot;classic&quot;,&quot;jet_parallax_layout_list&quot;:[]}\">\n\t\t\t\t\t<div class=\"e-con-inner\">\n\t\t\t\t<div class=\"elementor-element elementor-element-2f90fe3 elementor-widget elementor-widget-sp-breadcrumbs\" data-id=\"2f90fe3\" data-element_type=\"widget\" data-e-type=\"widget\" data-widget_type=\"sp-breadcrumbs.default\">\n\t\t\t\t<div class=\"elementor-widget-container\">\n\t\t\t\t\t<nav  aria-label=\"breadcrumb\"><ol class=\"breadcrumb\" itemscope itemtype=\"https:\/\/schema.org\/BreadcrumbList\"><li class=\"breadcrumb-item active\" aria-current=\"page\" itemprop=\"itemListElement\" itemscope itemtype=\"https:\/\/schema.org\/ListItem\"><span itemprop=\"name\">Home<\/span><meta itemprop=\"position\" content=\"1\"><\/li><\/ol><\/nav>\t\t\t\t<\/div>\n\t\t\t\t<\/div>\n\t\t\t\t\t<\/div>\n\t\t\t\t<\/div>\n\t\t<div class=\"elementor-element elementor-element-12e77f4 e-flex e-con-boxed e-con e-parent\" data-id=\"12e77f4\" data-element_type=\"container\" data-e-type=\"container\" data-settings=\"{&quot;background_background&quot;:&quot;classic&quot;,&quot;jet_parallax_layout_list&quot;:[]}\">\n\t\t\t\t\t<div class=\"e-con-inner\">\n\t\t\t\t<div class=\"elementor-element elementor-element-11e711b elementor-widget elementor-widget-text-editor\" data-id=\"11e711b\" data-element_type=\"widget\" data-e-type=\"widget\" data-widget_type=\"text-editor.default\">\n\t\t\t\t<div class=\"elementor-widget-container\">\n\t\t\t\t\t\t\t\t\t<p>Na prvoj EU-Crna Gora investicionoj konferenciji odr\u017eanoj 14. i 15. oktobra 2025. godine predstavljene su \u010detiri strate\u0161ke investicione inicijative:<\/p><ol><li><strong>Farm2Fork Montenegro<\/strong>\u00a0\u2013 odr\u017eiva transformacija crnogorskog prehrambenog sistema, u saradnji sa Volijem, EBRD-om, CDP-om i italijanskim agro-industrijskim partnerima.<\/li><li><strong>Station M<\/strong>\u00a0\u2013 stvaranje digitalnog i inovacionog hab-a u Podgorici, u saradnji sa Deutsche Telekomom, Crnogorskim Telekomom, Plug &amp; Play, Nau\u010dno-tehnolo\u0161kim parkom i Glavnim gradom Podgorica.<\/li><li><strong>NextPort Bar \/ Green Logistics Hub<\/strong>\u00a0\u2013 pozicioniranje Luke Bar kao regionalnog centra zelene logistike i niskougljeni\u010dne tranzicije.<\/li><li><strong>NICER \u2013 Northern Investment Compact for Ecology and Resilience<\/strong>\u00a0\u2013 razvoj projekata zelene energije, drvoprerade, turizma i odr\u017eivih industrija na sjeveru Crne Gore.<\/li><\/ol><p>Sve navedene inicijative mogu uklju\u010diti i druge zainteresovane strane koje mogu doprinijeti njihovom razvoju.<\/p>\t\t\t\t\t\t\t\t<\/div>\n\t\t\t\t<\/div>\n\t\t<div class=\"elementor-element elementor-element-2dd1934 e-con-full e-flex e-con e-child\" data-id=\"2dd1934\" data-element_type=\"container\" data-e-type=\"container\" data-settings=\"{&quot;jet_parallax_layout_list&quot;:[]}\">\n\t\t<div class=\"elementor-element elementor-element-3cd04c3 e-con-full e-flex e-con e-child\" data-id=\"3cd04c3\" data-element_type=\"container\" data-e-type=\"container\" data-settings=\"{&quot;jet_parallax_layout_list&quot;:[]}\">\n\t\t\t\t<div class=\"elementor-element elementor-element-5db93ef elementor-widget elementor-widget-image\" data-id=\"5db93ef\" data-element_type=\"widget\" data-e-type=\"widget\" data-widget_type=\"image.default\">\n\t\t\t\t<div class=\"elementor-widget-container\">\n\t\t\t\t\t\t\t\t\t\t\t\t\t\t\t\t<a href=\"https:\/\/mia.gov.me\/me\/aim\/aktivnosti\/strateska-investiciona-partnerstva\/farm2fork-montenegro\/\">\n\t\t\t\t\t\t\t<img fetchpriority=\"high\" decoding=\"async\" width=\"1600\" height=\"1200\" src=\"https:\/\/mia.gov.me\/wp-content\/uploads\/fork1.jpg\" class=\"attachment-large size-large wp-image-5837\" alt=\"\" \/>\t\t\t\t\t\t\t\t<\/a>\n\t\t\t\t\t\t\t\t\t\t\t\t\t\t\t<\/div>\n\t\t\t\t<\/div>\n\t\t\t\t<div class=\"elementor-element elementor-element-2f55169 elementor-widget elementor-widget-heading\" data-id=\"2f55169\" data-element_type=\"widget\" data-e-type=\"widget\" data-widget_type=\"heading.default\">\n\t\t\t\t<div class=\"elementor-widget-container\">\n\t\t\t\t\t<h5 class=\"elementor-heading-title elementor-size-default\"><a href=\"https:\/\/mia.gov.me\/me\/aim\/aktivnosti\/strateska-investiciona-partnerstva\/farm2fork-montenegro\/\">Farm2Fork Montenegro<\/a><\/h5>\t\t\t\t<\/div>\n\t\t\t\t<\/div>\n\t\t\t\t<\/div>\n\t\t<div class=\"elementor-element elementor-element-aa1461a e-con-full e-flex e-con e-child\" data-id=\"aa1461a\" data-element_type=\"container\" data-e-type=\"container\" data-settings=\"{&quot;jet_parallax_layout_list&quot;:[]}\">\n\t\t\t\t<div class=\"elementor-element elementor-element-3e1d284 elementor-widget elementor-widget-image\" data-id=\"3e1d284\" data-element_type=\"widget\" data-e-type=\"widget\" data-widget_type=\"image.default\">\n\t\t\t\t<div class=\"elementor-widget-container\">\n\t\t\t\t\t\t\t\t\t\t\t\t\t\t\t\t<a href=\"https:\/\/mia.gov.me\/me\/aim\/aktivnosti\/strateska-investiciona-partnerstva\/station-m\/\">\n\t\t\t\t\t\t\t<img decoding=\"async\" width=\"1200\" height=\"1600\" src=\"https:\/\/mia.gov.me\/wp-content\/uploads\/station-m.jpg\" class=\"attachment-large size-large wp-image-5847\" alt=\"\" \/>\t\t\t\t\t\t\t\t<\/a>\n\t\t\t\t\t\t\t\t\t\t\t\t\t\t\t<\/div>\n\t\t\t\t<\/div>\n\t\t\t\t<div class=\"elementor-element elementor-element-ebb9c4f elementor-widget elementor-widget-heading\" data-id=\"ebb9c4f\" data-element_type=\"widget\" data-e-type=\"widget\" data-widget_type=\"heading.default\">\n\t\t\t\t<div class=\"elementor-widget-container\">\n\t\t\t\t\t<h5 class=\"elementor-heading-title elementor-size-default\"><a href=\"https:\/\/mia.gov.me\/me\/aim\/aktivnosti\/strateska-investiciona-partnerstva\/station-m\/\">Station M<\/a><\/h5>\t\t\t\t<\/div>\n\t\t\t\t<\/div>\n\t\t\t\t<\/div>\n\t\t<div class=\"elementor-element elementor-element-00c1c0d e-con-full e-flex e-con e-child\" data-id=\"00c1c0d\" data-element_type=\"container\" data-e-type=\"container\" data-settings=\"{&quot;jet_parallax_layout_list&quot;:[]}\">\n\t\t\t\t<div class=\"elementor-element elementor-element-0c9a2db elementor-widget elementor-widget-image\" data-id=\"0c9a2db\" data-element_type=\"widget\" data-e-type=\"widget\" data-widget_type=\"image.default\">\n\t\t\t\t<div class=\"elementor-widget-container\">\n\t\t\t\t\t\t\t\t\t\t\t\t\t\t\t\t<a href=\"https:\/\/mia.gov.me\/me\/aim\/aktivnosti\/strateska-investiciona-partnerstva\/nextport-bar-green-logistics-hub\/\">\n\t\t\t\t\t\t\t<img decoding=\"async\" width=\"1600\" height=\"1200\" src=\"https:\/\/mia.gov.me\/wp-content\/uploads\/GLH1.jpg\" class=\"attachment-large size-large wp-image-5860\" alt=\"\" \/>\t\t\t\t\t\t\t\t<\/a>\n\t\t\t\t\t\t\t\t\t\t\t\t\t\t\t<\/div>\n\t\t\t\t<\/div>\n\t\t\t\t<div class=\"elementor-element elementor-element-66788ae elementor-widget elementor-widget-heading\" data-id=\"66788ae\" data-element_type=\"widget\" data-e-type=\"widget\" data-widget_type=\"heading.default\">\n\t\t\t\t<div class=\"elementor-widget-container\">\n\t\t\t\t\t<h5 class=\"elementor-heading-title elementor-size-default\"><a href=\"https:\/\/mia.gov.me\/me\/aim\/aktivnosti\/strateska-investiciona-partnerstva\/nextport-bar-green-logistics-hub\/\">NextPort Bar \/ Green Logistics Bar<\/a><\/h5>\t\t\t\t<\/div>\n\t\t\t\t<\/div>\n\t\t\t\t<\/div>\n\t\t<div class=\"elementor-element elementor-element-f31fced e-con-full e-flex e-con e-child\" data-id=\"f31fced\" data-element_type=\"container\" data-e-type=\"container\" data-settings=\"{&quot;jet_parallax_layout_list&quot;:[]}\">\n\t\t\t\t<div class=\"elementor-element elementor-element-63d03cc elementor-widget elementor-widget-image\" data-id=\"63d03cc\" data-element_type=\"widget\" data-e-type=\"widget\" data-widget_type=\"image.default\">\n\t\t\t\t<div class=\"elementor-widget-container\">\n\t\t\t\t\t\t\t\t\t\t\t\t\t\t\t\t<a href=\"https:\/\/mia.gov.me\/me\/aim\/aktivnosti\/strateska-investiciona-partnerstva\/nicer-northern-investment-compact-for-ecology-and-resilience\/\">\n\t\t\t\t\t\t\t<img loading=\"lazy\" decoding=\"async\" width=\"1600\" height=\"1200\" src=\"https:\/\/mia.gov.me\/wp-content\/uploads\/nicer1.jpg\" class=\"attachment-large size-large wp-image-5870\" alt=\"\" \/>\t\t\t\t\t\t\t\t<\/a>\n\t\t\t\t\t\t\t\t\t\t\t\t\t\t\t<\/div>\n\t\t\t\t<\/div>\n\t\t\t\t<div class=\"elementor-element elementor-element-7bdf641 elementor-widget elementor-widget-heading\" data-id=\"7bdf641\" data-element_type=\"widget\" data-e-type=\"widget\" data-widget_type=\"heading.default\">\n\t\t\t\t<div class=\"elementor-widget-container\">\n\t\t\t\t\t<h5 class=\"elementor-heading-title elementor-size-default\"><a href=\"https:\/\/mia.gov.me\/me\/aim\/aktivnosti\/strateska-investiciona-partnerstva\/nicer-northern-investment-compact-for-ecology-and-resilience\/\">NICER - Northern Investment Compact for Ecology and Resilience\u00a0<\/a><\/h5>\t\t\t\t<\/div>\n\t\t\t\t<\/div>\n\t\t\t\t<\/div>\n\t\t\t\t<\/div>\n\t\t\t\t<div class=\"elementor-element elementor-element-f2898e1 elementor-widget elementor-widget-heading\" data-id=\"f2898e1\" data-element_type=\"widget\" data-e-type=\"widget\" data-widget_type=\"heading.default\">\n\t\t\t\t<div class=\"elementor-widget-container\">\n\t\t\t\t\t<h3 class=\"elementor-heading-title elementor-size-default\">Novosti:<\/h3>\t\t\t\t<\/div>\n\t\t\t\t<\/div>\n\t\t\t\t<div class=\"elementor-element elementor-element-5be9b26 elementor-widget elementor-widget-jet-listing-grid\" data-id=\"5be9b26\" data-element_type=\"widget\" data-e-type=\"widget\" data-settings=\"{&quot;columns&quot;:3,&quot;columns_tablet&quot;:&quot;2&quot;,&quot;columns_mobile&quot;:&quot;1&quot;}\" data-widget_type=\"jet-listing-grid.default\">\n\t\t\t\t<div class=\"elementor-widget-container\">\n\t\t\t\t\t<div class=\"jet-listing-grid jet-listing\"><div class=\"jet-listing-grid__items grid-col-desk-3 grid-col-tablet-2 grid-col-mobile-1 jet-listing-grid--2063\" data-queried-id=\"5755|WP_Post\" data-nav=\"{&quot;enabled&quot;:false,&quot;type&quot;:null,&quot;more_el&quot;:null,&quot;query&quot;:[],&quot;widget_settings&quot;:{&quot;lisitng_id&quot;:2063,&quot;posts_num&quot;:6,&quot;columns&quot;:3,&quot;columns_tablet&quot;:2,&quot;columns_mobile&quot;:1,&quot;column_min_width&quot;:240,&quot;column_min_width_tablet&quot;:240,&quot;column_min_width_mobile&quot;:240,&quot;inline_columns_css&quot;:false,&quot;is_archive_template&quot;:&quot;&quot;,&quot;post_status&quot;:[&quot;publish&quot;],&quot;use_random_posts_num&quot;:&quot;&quot;,&quot;max_posts_num&quot;:9,&quot;not_found_message&quot;:&quot;No data was found&quot;,&quot;is_masonry&quot;:false,&quot;equal_columns_height&quot;:&quot;&quot;,&quot;use_load_more&quot;:&quot;&quot;,&quot;load_more_id&quot;:&quot;&quot;,&quot;load_more_type&quot;:&quot;click&quot;,&quot;load_more_offset&quot;:{&quot;unit&quot;:&quot;px&quot;,&quot;size&quot;:0,&quot;sizes&quot;:[]},&quot;use_custom_post_types&quot;:&quot;&quot;,&quot;custom_post_types&quot;:[],&quot;hide_widget_if&quot;:&quot;&quot;,&quot;carousel_enabled&quot;:&quot;&quot;,&quot;slides_to_scroll&quot;:&quot;1&quot;,&quot;arrows&quot;:&quot;true&quot;,&quot;arrow_icon&quot;:&quot;fa fa-angle-left&quot;,&quot;dots&quot;:&quot;&quot;,&quot;autoplay&quot;:&quot;true&quot;,&quot;pause_on_hover&quot;:&quot;true&quot;,&quot;autoplay_speed&quot;:5000,&quot;infinite&quot;:&quot;true&quot;,&quot;center_mode&quot;:&quot;&quot;,&quot;effect&quot;:&quot;slide&quot;,&quot;speed&quot;:500,&quot;inject_alternative_items&quot;:&quot;&quot;,&quot;injection_items&quot;:[],&quot;scroll_slider_enabled&quot;:&quot;&quot;,&quot;scroll_slider_on&quot;:[&quot;desktop&quot;,&quot;tablet&quot;,&quot;mobile&quot;],&quot;custom_query&quot;:false,&quot;custom_query_id&quot;:&quot;&quot;,&quot;_element_id&quot;:&quot;&quot;,&quot;collapse_first_last_gap&quot;:false,&quot;list_tag_selection&quot;:&quot;&quot;,&quot;list_items_wrapper_tag&quot;:&quot;div&quot;,&quot;list_item_tag&quot;:&quot;div&quot;,&quot;empty_items_wrapper_tag&quot;:&quot;div&quot;}}\" data-page=\"1\" data-pages=\"1\" data-listing-source=\"posts\" data-listing-id=\"2063\" data-query-id=\"\"><div class=\"jet-listing-grid__item jet-listing-dynamic-post-5577\" data-post-id=\"5577\"  ><style type=\"text\/css\">.jet-listing-dynamic-post-5577 .elementor-element.elementor-element-ce5eb64:not(.elementor-motion-effects-element-type-background), .jet-listing-dynamic-post-5577 .elementor-element.elementor-element-ce5eb64 > .elementor-motion-effects-container > .elementor-motion-effects-layer{background-image:url(\"https:\/\/mia.gov.me\/wp-content\/uploads\/viber_image_2026-01-30_12-33-09-722.jpg\");}<\/style><div class=\"jet-engine-listing-overlay-wrap\" data-url=\"https:\/\/mia.gov.me\/me\/odrzani-sastanci-sa-strateskim-partnerima-u-okviru-aim-projekta-policy-accelerator\/\">\t\t<div data-elementor-type=\"jet-listing-items\" data-elementor-id=\"2063\" class=\"elementor elementor-2063\" data-elementor-post-type=\"jet-engine\">\n\t\t\t\t<div class=\"elementor-element elementor-element-b9fcce2 e-con-full e-flex e-con e-parent\" data-id=\"b9fcce2\" data-element_type=\"container\" data-e-type=\"container\" data-settings=\"{&quot;background_background&quot;:&quot;classic&quot;,&quot;jet_parallax_layout_list&quot;:[]}\">\n\t\t<div class=\"elementor-element elementor-element-ce5eb64 e-con-full e-flex e-con e-child\" data-id=\"ce5eb64\" data-element_type=\"container\" data-e-type=\"container\" data-settings=\"{&quot;background_background&quot;:&quot;classic&quot;,&quot;jet_parallax_layout_list&quot;:[]}\">\n\t\t\t\t<\/div>\n\t\t<div class=\"elementor-element elementor-element-66aa433 e-con-full e-flex e-con e-child\" data-id=\"66aa433\" data-element_type=\"container\" data-e-type=\"container\" data-settings=\"{&quot;jet_parallax_layout_list&quot;:[]}\">\n\t\t\t\t<div class=\"elementor-element elementor-element-5261935 elementor-widget elementor-widget-heading\" data-id=\"5261935\" data-element_type=\"widget\" data-e-type=\"widget\" data-widget_type=\"heading.default\">\n\t\t\t\t<div class=\"elementor-widget-container\">\n\t\t\t\t\t<h6 class=\"elementor-heading-title elementor-size-default\">Odr\u017eani sastanci sa strate\u0161kim partnerima u okviru AIM projekta &#8211; Policy Accelerator<\/h6>\t\t\t\t<\/div>\n\t\t\t\t<\/div>\n\t\t\t\t<div class=\"elementor-element elementor-element-866359c elementor-icon-list--layout-traditional elementor-list-item-link-full_width elementor-widget elementor-widget-icon-list\" data-id=\"866359c\" data-element_type=\"widget\" data-e-type=\"widget\" data-widget_type=\"icon-list.default\">\n\t\t\t\t<div class=\"elementor-widget-container\">\n\t\t\t\t\t\t\t<ul class=\"elementor-icon-list-items\">\n\t\t\t\t\t\t\t<li class=\"elementor-icon-list-item\">\n\t\t\t\t\t\t\t\t\t\t<span class=\"elementor-icon-list-text\">30.01.2026<\/span>\n\t\t\t\t\t\t\t\t\t<\/li>\n\t\t\t\t\t\t<\/ul>\n\t\t\t\t\t\t<\/div>\n\t\t\t\t<\/div>\n\t\t\t\t<\/div>\n\t\t\t\t<\/div>\n\t\t\t\t<\/div>\n\t\t<a href=\"https:\/\/mia.gov.me\/me\/odrzani-sastanci-sa-strateskim-partnerima-u-okviru-aim-projekta-policy-accelerator\/\" class=\"jet-engine-listing-overlay-link\"><\/a><\/div><\/div><div class=\"jet-listing-grid__item jet-listing-dynamic-post-5269\" data-post-id=\"5269\"  ><style type=\"text\/css\">.jet-listing-dynamic-post-5269 .elementor-element.elementor-element-ce5eb64:not(.elementor-motion-effects-element-type-background), .jet-listing-dynamic-post-5269 .elementor-element.elementor-element-ce5eb64 > .elementor-motion-effects-container > .elementor-motion-effects-layer{background-image:url(\"https:\/\/mia.gov.me\/wp-content\/uploads\/IMG_7483.jpg\");}<\/style><div class=\"jet-engine-listing-overlay-wrap\" data-url=\"https:\/\/mia.gov.me\/me\/odrzana-radionica-o-strateskim-investicionim-partnerstvima-u-agenciji-za-investicije-crne-gore\/\">\t\t<div data-elementor-type=\"jet-listing-items\" data-elementor-id=\"2063\" class=\"elementor elementor-2063\" data-elementor-post-type=\"jet-engine\">\n\t\t\t\t<div class=\"elementor-element elementor-element-b9fcce2 e-con-full e-flex e-con e-parent\" data-id=\"b9fcce2\" data-element_type=\"container\" data-e-type=\"container\" data-settings=\"{&quot;background_background&quot;:&quot;classic&quot;,&quot;jet_parallax_layout_list&quot;:[]}\">\n\t\t<div class=\"elementor-element elementor-element-ce5eb64 e-con-full e-flex e-con e-child\" data-id=\"ce5eb64\" data-element_type=\"container\" data-e-type=\"container\" data-settings=\"{&quot;background_background&quot;:&quot;classic&quot;,&quot;jet_parallax_layout_list&quot;:[]}\">\n\t\t\t\t<\/div>\n\t\t<div class=\"elementor-element elementor-element-66aa433 e-con-full e-flex e-con e-child\" data-id=\"66aa433\" data-element_type=\"container\" data-e-type=\"container\" data-settings=\"{&quot;jet_parallax_layout_list&quot;:[]}\">\n\t\t\t\t<div class=\"elementor-element elementor-element-5261935 elementor-widget elementor-widget-heading\" data-id=\"5261935\" data-element_type=\"widget\" data-e-type=\"widget\" data-widget_type=\"heading.default\">\n\t\t\t\t<div class=\"elementor-widget-container\">\n\t\t\t\t\t<h6 class=\"elementor-heading-title elementor-size-default\">Odr\u017eana radionica o strate\u0161kim investicionim partnerstvima u Agenciji za investicije Crne Gore<\/h6>\t\t\t\t<\/div>\n\t\t\t\t<\/div>\n\t\t\t\t<div class=\"elementor-element elementor-element-866359c elementor-icon-list--layout-traditional elementor-list-item-link-full_width elementor-widget elementor-widget-icon-list\" data-id=\"866359c\" data-element_type=\"widget\" data-e-type=\"widget\" data-widget_type=\"icon-list.default\">\n\t\t\t\t<div class=\"elementor-widget-container\">\n\t\t\t\t\t\t\t<ul class=\"elementor-icon-list-items\">\n\t\t\t\t\t\t\t<li class=\"elementor-icon-list-item\">\n\t\t\t\t\t\t\t\t\t\t<span class=\"elementor-icon-list-text\">19.11.2025<\/span>\n\t\t\t\t\t\t\t\t\t<\/li>\n\t\t\t\t\t\t<\/ul>\n\t\t\t\t\t\t<\/div>\n\t\t\t\t<\/div>\n\t\t\t\t<\/div>\n\t\t\t\t<\/div>\n\t\t\t\t<\/div>\n\t\t<a href=\"https:\/\/mia.gov.me\/me\/odrzana-radionica-o-strateskim-investicionim-partnerstvima-u-agenciji-za-investicije-crne-gore\/\" class=\"jet-engine-listing-overlay-link\"><\/a><\/div><\/div><\/div><\/div>\t\t\t\t<\/div>\n\t\t\t\t<\/div>\n\t\t\t\t\t<\/div>\n\t\t\t\t<\/div>\n\t\t\t\t<\/div>\n\t\t","protected":false},"excerpt":{"rendered":"<p>Home Na prvoj EU-Crna Gora investicionoj konferenciji odr\u017eanoj 14. i 15. oktobra 2025. godine predstavljene su \u010detiri strate\u0161ke investicione inicijative: Farm2Fork Montenegro\u00a0\u2013 odr\u017eiva transformacija crnogorskog prehrambenog sistema, u saradnji sa Volijem, EBRD-om, CDP-om i italijanskim agro-industrijskim partnerima. Station M\u00a0\u2013 stvaranje digitalnog i inovacionog hab-a u Podgorici, u saradnji sa Deutsche Telekomom, Crnogorskim Telekomom, Plug &amp; [&hellip;]<\/p>\n","protected":false},"author":3,"featured_media":0,"parent":5751,"menu_order":0,"comment_status":"closed","ping_status":"closed","template":"","meta":{"_seopress_robots_primary_cat":"","_seopress_titles_title":"","_seopress_titles_desc":"","_seopress_robots_index":"","footnotes":""},"class_list":["post-5755","page","type-page","status-publish","hentry"],"_links":{"self":[{"href":"https:\/\/mia.gov.me\/me\/wp-json\/wp\/v2\/pages\/5755","targetHints":{"allow":["GET"]}}],"collection":[{"href":"https:\/\/mia.gov.me\/me\/wp-json\/wp\/v2\/pages"}],"about":[{"href":"https:\/\/mia.gov.me\/me\/wp-json\/wp\/v2\/types\/page"}],"author":[{"embeddable":true,"href":"https:\/\/mia.gov.me\/me\/wp-json\/wp\/v2\/users\/3"}],"replies":[{"embeddable":true,"href":"https:\/\/mia.gov.me\/me\/wp-json\/wp\/v2\/comments?post=5755"}],"version-history":[{"count":14,"href":"https:\/\/mia.gov.me\/me\/wp-json\/wp\/v2\/pages\/5755\/revisions"}],"predecessor-version":[{"id":5877,"href":"https:\/\/mia.gov.me\/me\/wp-json\/wp\/v2\/pages\/5755\/revisions\/5877"}],"up":[{"embeddable":true,"href":"https:\/\/mia.gov.me\/me\/wp-json\/wp\/v2\/pages\/5751"}],"wp:attachment":[{"href":"https:\/\/mia.gov.me\/me\/wp-json\/wp\/v2\/media?parent=5755"}],"curies":[{"name":"wp","href":"https:\/\/api.w.org\/{rel}","templated":true}]}}