{"id":5765,"date":"2026-03-20T22:27:24","date_gmt":"2026-03-20T21:27:24","guid":{"rendered":"https:\/\/mia.gov.me\/?page_id=5765"},"modified":"2026-03-31T13:26:15","modified_gmt":"2026-03-31T12:26:15","slug":"memorandumi-o-saradnji","status":"publish","type":"page","link":"https:\/\/mia.gov.me\/me\/aim\/aktivnosti\/memorandumi-o-saradnji\/","title":{"rendered":"Memorandumi o saradnji"},"content":{"rendered":"\t\t<div data-elementor-type=\"wp-page\" data-elementor-id=\"5765\" class=\"elementor elementor-5765\" data-elementor-post-type=\"page\">\n\t\t\t\t<div class=\"elementor-element elementor-element-57df9f0 e-flex e-con-boxed e-con e-parent\" data-id=\"57df9f0\" data-element_type=\"container\" data-e-type=\"container\" data-settings=\"{&quot;background_background&quot;:&quot;classic&quot;,&quot;jet_parallax_layout_list&quot;:[]}\">\n\t\t\t\t\t<div class=\"e-con-inner\">\n\t\t\t\t<div class=\"elementor-element elementor-element-4db5e70 elementor-widget elementor-widget-sp-breadcrumbs\" data-id=\"4db5e70\" data-element_type=\"widget\" data-e-type=\"widget\" data-widget_type=\"sp-breadcrumbs.default\">\n\t\t\t\t<div class=\"elementor-widget-container\">\n\t\t\t\t\t<nav  aria-label=\"breadcrumb\"><ol class=\"breadcrumb\" itemscope itemtype=\"https:\/\/schema.org\/BreadcrumbList\"><li class=\"breadcrumb-item active\" aria-current=\"page\" itemprop=\"itemListElement\" itemscope itemtype=\"https:\/\/schema.org\/ListItem\"><span itemprop=\"name\">Home<\/span><meta itemprop=\"position\" content=\"1\"><\/li><\/ol><\/nav>\t\t\t\t<\/div>\n\t\t\t\t<\/div>\n\t\t\t\t\t<\/div>\n\t\t\t\t<\/div>\n\t\t<div class=\"elementor-element elementor-element-c0e8e2d e-flex e-con-boxed e-con e-parent\" data-id=\"c0e8e2d\" data-element_type=\"container\" data-e-type=\"container\" data-settings=\"{&quot;background_background&quot;:&quot;classic&quot;,&quot;jet_parallax_layout_list&quot;:[]}\">\n\t\t\t\t\t<div class=\"e-con-inner\">\n\t\t\t\t<div class=\"elementor-element elementor-element-7be58a7 elementor-widget elementor-widget-text-editor\" data-id=\"7be58a7\" data-element_type=\"widget\" data-e-type=\"widget\" data-widget_type=\"text-editor.default\">\n\t\t\t\t<div class=\"elementor-widget-container\">\n\t\t\t\t\t\t\t\t\t<p>Na prvoj EU-Crna Gora investicionoj konferenciji odr\u017eanoj 14. i 15. oktobra 2025. godine na Lu\u0161tici Bay potpisano je\u00a0<strong>9 memoranduma o saradnji i investiciona deklaracija<\/strong>, koji su predstavljeni na samoj uvodnoj ceremoniji, a predstavljaju temelj budu\u0107ih ulaganja u energetiku, transport, infrastrukturu i inovacione tehnologije:<\/p><ol><li><strong>Wizz Air i Ministarstvo saobra\u0107aja Crne Gore<\/strong>\u00a0\u2013 otvaranje 14 novih avio linija i uspostavljanje operativne baze u Podgorici.<\/li><li><strong>Akuo Energy i EPCG<\/strong>\u00a0\u2013 razvoj projekata obnovljive energije, uklju\u010duju\u0107i prvu plutaju\u0107u solarnu elektranu od 70 MW.<\/li><li><strong>Alcazar Energy i Vlada Crne Gore<\/strong>\u00a0\u2013 izgradnja vjetroparka \u201eBijela\u201c snage 118,8 MW.<\/li><li><strong>EDF i Ministarstvo energetike Crne Gore<\/strong>\u00a0\u2013 modernizacija elektroenergetske mre\u017ee.<\/li><li><a href=\"https:\/\/mia.gov.me\/me\/potpisan-memorandum-o-saradnji-izmedu-agencije-za-investicije-crne-gore-i-kompanije-cwp-europe\/\"><strong>CWP Europe i Agencija za investicije Crne Gore (MIA)<\/strong> \u2013 razvoj velikog solarnog parka\u00a0<\/a><\/li><li><strong>Gravert Jenny i Cevo Solar<\/strong>\u00a0\u2013 izgradnja sistema za skladi\u0161tenje energije kapaciteta 60 MWh \/ 20 MW.<\/li><li><strong>SS&amp;A Power Group i EPCG<\/strong>\u00a0\u2013 razvoj i primjena tehnologije termalnog skladi\u0161tenja energije.<\/li><li><strong>Wind Fisher i EPCG<\/strong>\u00a0\u2013 implementacija tehnologije visinske vjetroenergije.<\/li><li><strong>EBRD i Erste Bank<\/strong>\u00a0\u2013 regionalni program energetske efikasnosti i inicijativa \u201eWomen in Business\u201c.<\/li><li><strong>Deklaracija o odr\u017eivim investicijama \u2013 Suez\u00a0<\/strong>\u2013 unapre\u0111enje sistema upravljanja otpadnim vodama.<\/li><\/ol>\t\t\t\t\t\t\t\t<\/div>\n\t\t\t\t<\/div>\n\t\t\t\t\t<\/div>\n\t\t\t\t<\/div>\n\t\t\t\t<\/div>\n\t\t","protected":false},"excerpt":{"rendered":"<p>Home Na prvoj EU-Crna Gora investicionoj konferenciji odr\u017eanoj 14. i 15. oktobra 2025. godine na Lu\u0161tici Bay potpisano je\u00a09 memoranduma o saradnji i investiciona deklaracija, koji su predstavljeni na samoj uvodnoj ceremoniji, a predstavljaju temelj budu\u0107ih ulaganja u energetiku, transport, infrastrukturu i inovacione tehnologije: Wizz Air i Ministarstvo saobra\u0107aja Crne Gore\u00a0\u2013 otvaranje 14 novih avio [&hellip;]<\/p>\n","protected":false},"author":3,"featured_media":0,"parent":5751,"menu_order":0,"comment_status":"closed","ping_status":"closed","template":"","meta":{"_seopress_robots_primary_cat":"","_seopress_titles_title":"","_seopress_titles_desc":"","_seopress_robots_index":"","footnotes":""},"class_list":["post-5765","page","type-page","status-publish","hentry"],"_links":{"self":[{"href":"https:\/\/mia.gov.me\/me\/wp-json\/wp\/v2\/pages\/5765","targetHints":{"allow":["GET"]}}],"collection":[{"href":"https:\/\/mia.gov.me\/me\/wp-json\/wp\/v2\/pages"}],"about":[{"href":"https:\/\/mia.gov.me\/me\/wp-json\/wp\/v2\/types\/page"}],"author":[{"embeddable":true,"href":"https:\/\/mia.gov.me\/me\/wp-json\/wp\/v2\/users\/3"}],"replies":[{"embeddable":true,"href":"https:\/\/mia.gov.me\/me\/wp-json\/wp\/v2\/comments?post=5765"}],"version-history":[{"count":4,"href":"https:\/\/mia.gov.me\/me\/wp-json\/wp\/v2\/pages\/5765\/revisions"}],"predecessor-version":[{"id":5772,"href":"https:\/\/mia.gov.me\/me\/wp-json\/wp\/v2\/pages\/5765\/revisions\/5772"}],"up":[{"embeddable":true,"href":"https:\/\/mia.gov.me\/me\/wp-json\/wp\/v2\/pages\/5751"}],"wp:attachment":[{"href":"https:\/\/mia.gov.me\/me\/wp-json\/wp\/v2\/media?parent=5765"}],"curies":[{"name":"wp","href":"https:\/\/api.w.org\/{rel}","templated":true}]}}