{"id":5831,"date":"2026-03-31T12:40:44","date_gmt":"2026-03-31T11:40:44","guid":{"rendered":"https:\/\/mia.gov.me\/?page_id=5831"},"modified":"2026-03-31T12:52:30","modified_gmt":"2026-03-31T11:52:30","slug":"farm2fork-montenegro","status":"publish","type":"page","link":"https:\/\/mia.gov.me\/me\/aim\/aktivnosti\/strateska-investiciona-partnerstva\/farm2fork-montenegro\/","title":{"rendered":"Farm2Fork Montenegro"},"content":{"rendered":"\t\t<div data-elementor-type=\"wp-page\" data-elementor-id=\"5831\" class=\"elementor elementor-5831\" data-elementor-post-type=\"page\">\n\t\t\t\t<div class=\"elementor-element elementor-element-5091f41 e-flex e-con-boxed e-con e-parent\" data-id=\"5091f41\" data-element_type=\"container\" data-e-type=\"container\" data-settings=\"{&quot;background_background&quot;:&quot;classic&quot;,&quot;jet_parallax_layout_list&quot;:[]}\">\n\t\t\t\t\t<div class=\"e-con-inner\">\n\t\t\t\t<div class=\"elementor-element elementor-element-ca37d83 elementor-widget elementor-widget-sp-breadcrumbs\" data-id=\"ca37d83\" data-element_type=\"widget\" data-e-type=\"widget\" data-widget_type=\"sp-breadcrumbs.default\">\n\t\t\t\t<div class=\"elementor-widget-container\">\n\t\t\t\t\t<nav  aria-label=\"breadcrumb\"><ol class=\"breadcrumb\" itemscope itemtype=\"https:\/\/schema.org\/BreadcrumbList\"><li class=\"breadcrumb-item active\" aria-current=\"page\" itemprop=\"itemListElement\" itemscope itemtype=\"https:\/\/schema.org\/ListItem\"><span itemprop=\"name\">Home<\/span><meta itemprop=\"position\" content=\"1\"><\/li><\/ol><\/nav>\t\t\t\t<\/div>\n\t\t\t\t<\/div>\n\t\t\t\t\t<\/div>\n\t\t\t\t<\/div>\n\t\t<div class=\"elementor-element elementor-element-740c9d1 e-flex e-con-boxed e-con e-parent\" data-id=\"740c9d1\" data-element_type=\"container\" data-e-type=\"container\" data-settings=\"{&quot;background_background&quot;:&quot;classic&quot;,&quot;jet_parallax_layout_list&quot;:[]}\">\n\t\t\t\t\t<div class=\"e-con-inner\">\n\t\t\t\t<div class=\"elementor-element elementor-element-3b32513 elementor-widget elementor-widget-heading\" data-id=\"3b32513\" data-element_type=\"widget\" data-e-type=\"widget\" data-widget_type=\"heading.default\">\n\t\t\t\t<div class=\"elementor-widget-container\">\n\t\t\t\t\t<h3 class=\"elementor-heading-title elementor-size-default\">Agrobiznis: ubrzanje strate\u0161kih ulaganja i ja\u010danje konkurentnosti sektora<\/h3>\t\t\t\t<\/div>\n\t\t\t\t<\/div>\n\t\t\t\t<div class=\"elementor-element elementor-element-245b562 elementor-widget elementor-widget-text-editor\" data-id=\"245b562\" data-element_type=\"widget\" data-e-type=\"widget\" data-widget_type=\"text-editor.default\">\n\t\t\t\t<div class=\"elementor-widget-container\">\n\t\t\t\t\t\t\t\t\t<p>U nastavku aktivnosti, organizovan je\u00a0Agribusiness Policy Accelerator, doga\u0111aj posve\u0107en ja\u010danju investicionog okvira i ubrzanju realizacije strate\u0161kih ulaganja u sektoru agroindustrije u Crnoj Gori.<\/p><p>U okviru programa predstavljeni su klju\u010dni pravci razvoja i investicione mogu\u0107nosti, sa fokusom na unapre\u0111enje regulatornog i infrastrukturnog ambijenta koji mo\u017ee dodatno podsta\u0107i doma\u0107e i strane investitore. Poseban akcenat stavljen je na identifikaciju konkretnih politika i mjera koje mogu doprinijeti br\u017eem razvoju agroindustrije i ja\u010danju konkurentnosti crnogorskog tr\u017ei\u0161ta.<\/p><p>Tokom sesije obra\u0111ene su tematske cjeline kroz analizu postoje\u0107eg stanja, pregled investicionih prioriteta i diskusije sa relevantnim akterima, uz fokus na kreiranje prakti\u010dnih preporuka i narednih koraka. Posebno su razmatrane teme od zna\u010daja za unapre\u0111enje kapaciteta i logistike, uklju\u010duju\u0107i skladi\u0161tenje, lanac snabdijevanja i potencijale industrijskih zona.<\/p><p>Agencija za investicije Crne Gore nastavlja da, u saradnji sa institucijama i partnerima, radi na unapre\u0111enju poslovnog ambijenta i kreiranju uslova za nove investicije, s ciljem odr\u017eivog ekonomskog rasta, otvaranja radnih mjesta i ja\u010danja izvoznog potencijala Crne Gore.<\/p>\t\t\t\t\t\t\t\t<\/div>\n\t\t\t\t<\/div>\n\t\t\t\t\t<\/div>\n\t\t\t\t<\/div>\n\t\t\t\t<\/div>\n\t\t","protected":false},"excerpt":{"rendered":"<p>Home Agrobiznis: ubrzanje strate\u0161kih ulaganja i ja\u010danje konkurentnosti sektora U nastavku aktivnosti, organizovan je\u00a0Agribusiness Policy Accelerator, doga\u0111aj posve\u0107en ja\u010danju investicionog okvira i ubrzanju realizacije strate\u0161kih ulaganja u sektoru agroindustrije u Crnoj Gori. U okviru programa predstavljeni su klju\u010dni pravci razvoja i investicione mogu\u0107nosti, sa fokusom na unapre\u0111enje regulatornog i infrastrukturnog ambijenta koji mo\u017ee dodatno podsta\u0107i [&hellip;]<\/p>\n","protected":false},"author":3,"featured_media":0,"parent":5755,"menu_order":0,"comment_status":"closed","ping_status":"closed","template":"","meta":{"_seopress_robots_primary_cat":"","_seopress_titles_title":"","_seopress_titles_desc":"","_seopress_robots_index":"","footnotes":""},"class_list":["post-5831","page","type-page","status-publish","hentry"],"_links":{"self":[{"href":"https:\/\/mia.gov.me\/me\/wp-json\/wp\/v2\/pages\/5831","targetHints":{"allow":["GET"]}}],"collection":[{"href":"https:\/\/mia.gov.me\/me\/wp-json\/wp\/v2\/pages"}],"about":[{"href":"https:\/\/mia.gov.me\/me\/wp-json\/wp\/v2\/types\/page"}],"author":[{"embeddable":true,"href":"https:\/\/mia.gov.me\/me\/wp-json\/wp\/v2\/users\/3"}],"replies":[{"embeddable":true,"href":"https:\/\/mia.gov.me\/me\/wp-json\/wp\/v2\/comments?post=5831"}],"version-history":[{"count":5,"href":"https:\/\/mia.gov.me\/me\/wp-json\/wp\/v2\/pages\/5831\/revisions"}],"predecessor-version":[{"id":5858,"href":"https:\/\/mia.gov.me\/me\/wp-json\/wp\/v2\/pages\/5831\/revisions\/5858"}],"up":[{"embeddable":true,"href":"https:\/\/mia.gov.me\/me\/wp-json\/wp\/v2\/pages\/5755"}],"wp:attachment":[{"href":"https:\/\/mia.gov.me\/me\/wp-json\/wp\/v2\/media?parent=5831"}],"curies":[{"name":"wp","href":"https:\/\/api.w.org\/{rel}","templated":true}]}}