{"id":5842,"date":"2026-03-31T12:46:31","date_gmt":"2026-03-31T11:46:31","guid":{"rendered":"https:\/\/mia.gov.me\/?page_id=5842"},"modified":"2026-03-31T12:49:53","modified_gmt":"2026-03-31T11:49:53","slug":"station-m","status":"publish","type":"page","link":"https:\/\/mia.gov.me\/me\/aim\/aktivnosti\/strateska-investiciona-partnerstva\/station-m\/","title":{"rendered":"Station M"},"content":{"rendered":"\t\t<div data-elementor-type=\"wp-page\" data-elementor-id=\"5842\" class=\"elementor elementor-5842\" data-elementor-post-type=\"page\">\n\t\t\t\t<div class=\"elementor-element elementor-element-04d464b e-flex e-con-boxed e-con e-parent\" data-id=\"04d464b\" data-element_type=\"container\" data-e-type=\"container\" data-settings=\"{&quot;background_background&quot;:&quot;classic&quot;,&quot;jet_parallax_layout_list&quot;:[]}\">\n\t\t\t\t\t<div class=\"e-con-inner\">\n\t\t\t\t<div class=\"elementor-element elementor-element-04f8e32 elementor-widget elementor-widget-sp-breadcrumbs\" data-id=\"04f8e32\" data-element_type=\"widget\" data-e-type=\"widget\" data-widget_type=\"sp-breadcrumbs.default\">\n\t\t\t\t<div class=\"elementor-widget-container\">\n\t\t\t\t\t<nav  aria-label=\"breadcrumb\"><ol class=\"breadcrumb\" itemscope itemtype=\"https:\/\/schema.org\/BreadcrumbList\"><li class=\"breadcrumb-item active\" aria-current=\"page\" itemprop=\"itemListElement\" itemscope itemtype=\"https:\/\/schema.org\/ListItem\"><span itemprop=\"name\">Home<\/span><meta itemprop=\"position\" content=\"1\"><\/li><\/ol><\/nav>\t\t\t\t<\/div>\n\t\t\t\t<\/div>\n\t\t\t\t\t<\/div>\n\t\t\t\t<\/div>\n\t\t<div class=\"elementor-element elementor-element-12158e4 e-flex e-con-boxed e-con e-parent\" data-id=\"12158e4\" data-element_type=\"container\" data-e-type=\"container\" data-settings=\"{&quot;background_background&quot;:&quot;classic&quot;,&quot;jet_parallax_layout_list&quot;:[]}\">\n\t\t\t\t\t<div class=\"e-con-inner\">\n\t\t\t\t<div class=\"elementor-element elementor-element-9a049be elementor-widget elementor-widget-heading\" data-id=\"9a049be\" data-element_type=\"widget\" data-e-type=\"widget\" data-widget_type=\"heading.default\">\n\t\t\t\t<div class=\"elementor-widget-container\">\n\t\t\t\t\t<h3 class=\"elementor-heading-title elementor-size-default\">ICT\/Digital: ubrzanje digitalne transformacije i razvoj talenata<\/h3>\t\t\t\t<\/div>\n\t\t\t\t<\/div>\n\t\t\t\t<div class=\"elementor-element elementor-element-a37cc1f elementor-widget elementor-widget-text-editor\" data-id=\"a37cc1f\" data-element_type=\"widget\" data-e-type=\"widget\" data-widget_type=\"text-editor.default\">\n\t\t\t\t<div class=\"elementor-widget-container\">\n\t\t\t\t\t\t\t\t\t<p>U okviru\u00a0Policy Accelerator for ICT\/Digital\u00a0odr\u017eana je sesija posve\u0107ena razmatranju klju\u010dnih politika koje mogu doprinijeti ubrzanju digitalne transformacije i ja\u010danju konkurentnosti Crne Gore.<\/p><p>Poseban fokus diskusije stavljen je na osmi\u0161ljavanje\u00a0global entry programa\u00a0kao strate\u0161kog mehanizma za olak\u0161an dolazak i integraciju me\u0111unarodnih talenata i visoko kvalifikovanih stru\u010dnjaka, unapre\u0111enje programa za privla\u010denje\u00a0digitalnih nomada\u00a0kao efikasnog alata za pozicioniranje Crne Gore u globalnoj digitalnoj ekonomiji, kao i na razvoju ciljanih programa obuka iz oblasti\u00a0vje\u0161ta\u010dke inteligencije\u00a0za mlade diplomce i preduzetnike, sa ciljem ja\u010danja doma\u0107ih digitalnih kapaciteta i inovacionog potencijala.<\/p><p>Kroz otvoren i konstruktivan dijalog razmatrani su regulatorni, institucionalni i implementacioni aspekti navedenih politika, kao i njihov potencijal doprinos unapre\u0111enju investicionog ambijenta, razvoju inovacija i dugoro\u010dno odr\u017eivom razvoju digitalnog sektora.<\/p><p>Sna\u017ena saradnja javnog sektora, me\u0111unarodnih partnera, stru\u010dne zajednice i civilnog dru\u0161tva prepoznata je kao klju\u010dni preduslov za uspje\u0161nu realizaciju ovih inicijativa i dalji napredak Crne Gore u procesu evropskih integracija.<\/p>\t\t\t\t\t\t\t\t<\/div>\n\t\t\t\t<\/div>\n\t\t\t\t\t<\/div>\n\t\t\t\t<\/div>\n\t\t\t\t<\/div>\n\t\t","protected":false},"excerpt":{"rendered":"<p>Home ICT\/Digital: ubrzanje digitalne transformacije i razvoj talenata U okviru\u00a0Policy Accelerator for ICT\/Digital\u00a0odr\u017eana je sesija posve\u0107ena razmatranju klju\u010dnih politika koje mogu doprinijeti ubrzanju digitalne transformacije i ja\u010danju konkurentnosti Crne Gore. Poseban fokus diskusije stavljen je na osmi\u0161ljavanje\u00a0global entry programa\u00a0kao strate\u0161kog mehanizma za olak\u0161an dolazak i integraciju me\u0111unarodnih talenata i visoko kvalifikovanih stru\u010dnjaka, unapre\u0111enje programa za [&hellip;]<\/p>\n","protected":false},"author":3,"featured_media":0,"parent":5755,"menu_order":0,"comment_status":"closed","ping_status":"closed","template":"","meta":{"_seopress_robots_primary_cat":"","_seopress_titles_title":"","_seopress_titles_desc":"","_seopress_robots_index":"","footnotes":""},"class_list":["post-5842","page","type-page","status-publish","hentry"],"_links":{"self":[{"href":"https:\/\/mia.gov.me\/me\/wp-json\/wp\/v2\/pages\/5842","targetHints":{"allow":["GET"]}}],"collection":[{"href":"https:\/\/mia.gov.me\/me\/wp-json\/wp\/v2\/pages"}],"about":[{"href":"https:\/\/mia.gov.me\/me\/wp-json\/wp\/v2\/types\/page"}],"author":[{"embeddable":true,"href":"https:\/\/mia.gov.me\/me\/wp-json\/wp\/v2\/users\/3"}],"replies":[{"embeddable":true,"href":"https:\/\/mia.gov.me\/me\/wp-json\/wp\/v2\/comments?post=5842"}],"version-history":[{"count":4,"href":"https:\/\/mia.gov.me\/me\/wp-json\/wp\/v2\/pages\/5842\/revisions"}],"predecessor-version":[{"id":5851,"href":"https:\/\/mia.gov.me\/me\/wp-json\/wp\/v2\/pages\/5842\/revisions\/5851"}],"up":[{"embeddable":true,"href":"https:\/\/mia.gov.me\/me\/wp-json\/wp\/v2\/pages\/5755"}],"wp:attachment":[{"href":"https:\/\/mia.gov.me\/me\/wp-json\/wp\/v2\/media?parent=5842"}],"curies":[{"name":"wp","href":"https:\/\/api.w.org\/{rel}","templated":true}]}}