{"id":5856,"date":"2026-03-31T12:51:38","date_gmt":"2026-03-31T11:51:38","guid":{"rendered":"https:\/\/mia.gov.me\/?page_id=5856"},"modified":"2026-03-31T13:02:26","modified_gmt":"2026-03-31T12:02:26","slug":"nextport-bar-green-logistics-hub","status":"publish","type":"page","link":"https:\/\/mia.gov.me\/me\/aim\/aktivnosti\/strateska-investiciona-partnerstva\/nextport-bar-green-logistics-hub\/","title":{"rendered":"NextPort Bar \/ Green Logistics Hub"},"content":{"rendered":"\t\t<div data-elementor-type=\"wp-page\" data-elementor-id=\"5856\" class=\"elementor elementor-5856\" data-elementor-post-type=\"page\">\n\t\t\t\t<div class=\"elementor-element elementor-element-cf1ffed e-flex e-con-boxed e-con e-parent\" data-id=\"cf1ffed\" data-element_type=\"container\" data-e-type=\"container\" data-settings=\"{&quot;background_background&quot;:&quot;classic&quot;,&quot;jet_parallax_layout_list&quot;:[]}\">\n\t\t\t\t\t<div class=\"e-con-inner\">\n\t\t\t\t<div class=\"elementor-element elementor-element-a3e749b elementor-widget elementor-widget-sp-breadcrumbs\" data-id=\"a3e749b\" data-element_type=\"widget\" data-e-type=\"widget\" data-widget_type=\"sp-breadcrumbs.default\">\n\t\t\t\t<div class=\"elementor-widget-container\">\n\t\t\t\t\t<nav  aria-label=\"breadcrumb\"><ol class=\"breadcrumb\" itemscope itemtype=\"https:\/\/schema.org\/BreadcrumbList\"><li class=\"breadcrumb-item active\" aria-current=\"page\" itemprop=\"itemListElement\" itemscope itemtype=\"https:\/\/schema.org\/ListItem\"><span itemprop=\"name\">Home<\/span><meta itemprop=\"position\" content=\"1\"><\/li><\/ol><\/nav>\t\t\t\t<\/div>\n\t\t\t\t<\/div>\n\t\t\t\t\t<\/div>\n\t\t\t\t<\/div>\n\t\t<div class=\"elementor-element elementor-element-8dc8804 e-flex e-con-boxed e-con e-parent\" data-id=\"8dc8804\" data-element_type=\"container\" data-e-type=\"container\" data-settings=\"{&quot;background_background&quot;:&quot;classic&quot;,&quot;jet_parallax_layout_list&quot;:[]}\">\n\t\t\t\t\t<div class=\"e-con-inner\">\n\t\t\t\t<div class=\"elementor-element elementor-element-a85c546 elementor-widget elementor-widget-heading\" data-id=\"a85c546\" data-element_type=\"widget\" data-e-type=\"widget\" data-widget_type=\"heading.default\">\n\t\t\t\t<div class=\"elementor-widget-container\">\n\t\t\t\t\t<h3 class=\"elementor-heading-title elementor-size-default\"> Transport i logistika: brze reforme za ve\u0107u investicionu atraktivnost<\/h3>\t\t\t\t<\/div>\n\t\t\t\t<\/div>\n\t\t\t\t<div class=\"elementor-element elementor-element-351c200 elementor-widget elementor-widget-text-editor\" data-id=\"351c200\" data-element_type=\"widget\" data-e-type=\"widget\" data-widget_type=\"text-editor.default\">\n\t\t\t\t<div class=\"elementor-widget-container\">\n\t\t\t\t\t\t\t\t\t<p>U prostorijama Evropske ku\u0107e u Podgorici odr\u017ean je i prvi sastanak u okviru programa\u00a0\u201ePolicy Accelerator\u201c, posve\u0107en ubrzanju investicija u sektorima\u00a0saobra\u0107aja i logistike\u00a0u Crnoj Gori. Ovaj doga\u0111aj, organizovan u saradnji Agencije za investicije Crne Gore i Evropske unije, okupio je klju\u010dne donosioce odluka i sektorske eksperte u cilju unapre\u0111enja regulatornog okvira i privla\u010denja novih investicija.<\/p><p>\u201ePolicy Accelerator\u201c predstavlja jedinstvenu, akciono orijentisanu metodologiju koja prevazilazi tradicionalne mehanizme konsultacija, sa ciljem brzog sprovo\u0111enja reformi sa visokim uticajem, koje mogu transformisati prioritetne sektore u periodu od \u0161est mjeseci.<\/p><p>Tokom intenzivne sesije, u\u010desnici su radili na procjeni trenutnog stanja u sektoru saobra\u0107aja i logistike, postizanju konsenzusa o tri prioritetne reforme koje \u0107e imati najzna\u010dajniji uticaj na investicionu klimu u kratkom roku, kao i na izradi akcionog plana od 100 dana za implementaciju jedne klju\u010dne reforme, \u010dime se osigurava brza i efikasna realizacija.<\/p><p>Moderatori sesije vodili su diskusiju ka identifikaciji resursa, klju\u010dnih aktera i potencijalnih izazova u sprovo\u0111enju planiranih reformi. Sastanak je rezultirao dogovorom o konkretnim mjerama odgovornosti i dinamici budu\u0107ih susreta, \u010dime je postavljen temelj za strukturiran i mjerljiv napredak.<\/p>\t\t\t\t\t\t\t\t<\/div>\n\t\t\t\t<\/div>\n\t\t\t\t\t<\/div>\n\t\t\t\t<\/div>\n\t\t\t\t<\/div>\n\t\t","protected":false},"excerpt":{"rendered":"<p>Home Transport i logistika: brze reforme za ve\u0107u investicionu atraktivnost U prostorijama Evropske ku\u0107e u Podgorici odr\u017ean je i prvi sastanak u okviru programa\u00a0\u201ePolicy Accelerator\u201c, posve\u0107en ubrzanju investicija u sektorima\u00a0saobra\u0107aja i logistike\u00a0u Crnoj Gori. Ovaj doga\u0111aj, organizovan u saradnji Agencije za investicije Crne Gore i Evropske unije, okupio je klju\u010dne donosioce odluka i sektorske eksperte [&hellip;]<\/p>\n","protected":false},"author":3,"featured_media":0,"parent":5755,"menu_order":0,"comment_status":"closed","ping_status":"closed","template":"","meta":{"_seopress_robots_primary_cat":"","_seopress_titles_title":"","_seopress_titles_desc":"","_seopress_robots_index":"","footnotes":""},"class_list":["post-5856","page","type-page","status-publish","hentry"],"_links":{"self":[{"href":"https:\/\/mia.gov.me\/me\/wp-json\/wp\/v2\/pages\/5856","targetHints":{"allow":["GET"]}}],"collection":[{"href":"https:\/\/mia.gov.me\/me\/wp-json\/wp\/v2\/pages"}],"about":[{"href":"https:\/\/mia.gov.me\/me\/wp-json\/wp\/v2\/types\/page"}],"author":[{"embeddable":true,"href":"https:\/\/mia.gov.me\/me\/wp-json\/wp\/v2\/users\/3"}],"replies":[{"embeddable":true,"href":"https:\/\/mia.gov.me\/me\/wp-json\/wp\/v2\/comments?post=5856"}],"version-history":[{"count":4,"href":"https:\/\/mia.gov.me\/me\/wp-json\/wp\/v2\/pages\/5856\/revisions"}],"predecessor-version":[{"id":5864,"href":"https:\/\/mia.gov.me\/me\/wp-json\/wp\/v2\/pages\/5856\/revisions\/5864"}],"up":[{"embeddable":true,"href":"https:\/\/mia.gov.me\/me\/wp-json\/wp\/v2\/pages\/5755"}],"wp:attachment":[{"href":"https:\/\/mia.gov.me\/me\/wp-json\/wp\/v2\/media?parent=5856"}],"curies":[{"name":"wp","href":"https:\/\/api.w.org\/{rel}","templated":true}]}}