{"id":5865,"date":"2026-03-31T13:03:06","date_gmt":"2026-03-31T12:03:06","guid":{"rendered":"https:\/\/mia.gov.me\/?page_id=5865"},"modified":"2026-03-31T13:05:47","modified_gmt":"2026-03-31T12:05:47","slug":"nicer-northern-investment-compact-for-ecology-and-resilience","status":"publish","type":"page","link":"https:\/\/mia.gov.me\/me\/aim\/aktivnosti\/strateska-investiciona-partnerstva\/nicer-northern-investment-compact-for-ecology-and-resilience\/","title":{"rendered":"NICER \u2013 Northern Investment Compact for Ecology and Resilience"},"content":{"rendered":"\t\t<div data-elementor-type=\"wp-page\" data-elementor-id=\"5865\" class=\"elementor elementor-5865\" data-elementor-post-type=\"page\">\n\t\t\t\t<div class=\"elementor-element elementor-element-69065c5 e-flex e-con-boxed e-con e-parent\" data-id=\"69065c5\" data-element_type=\"container\" data-e-type=\"container\" data-settings=\"{&quot;background_background&quot;:&quot;classic&quot;,&quot;jet_parallax_layout_list&quot;:[]}\">\n\t\t\t\t\t<div class=\"e-con-inner\">\n\t\t\t\t<div class=\"elementor-element elementor-element-72e0e7b elementor-widget elementor-widget-sp-breadcrumbs\" data-id=\"72e0e7b\" data-element_type=\"widget\" data-e-type=\"widget\" data-widget_type=\"sp-breadcrumbs.default\">\n\t\t\t\t<div class=\"elementor-widget-container\">\n\t\t\t\t\t<nav  aria-label=\"breadcrumb\"><ol class=\"breadcrumb\" itemscope itemtype=\"https:\/\/schema.org\/BreadcrumbList\"><li class=\"breadcrumb-item active\" aria-current=\"page\" itemprop=\"itemListElement\" itemscope itemtype=\"https:\/\/schema.org\/ListItem\"><span itemprop=\"name\">Home<\/span><meta itemprop=\"position\" content=\"1\"><\/li><\/ol><\/nav>\t\t\t\t<\/div>\n\t\t\t\t<\/div>\n\t\t\t\t\t<\/div>\n\t\t\t\t<\/div>\n\t\t<div class=\"elementor-element elementor-element-ac4234a e-flex e-con-boxed e-con e-parent\" data-id=\"ac4234a\" data-element_type=\"container\" data-e-type=\"container\" data-settings=\"{&quot;background_background&quot;:&quot;classic&quot;,&quot;jet_parallax_layout_list&quot;:[]}\">\n\t\t\t\t\t<div class=\"e-con-inner\">\n\t\t\t\t<div class=\"elementor-element elementor-element-d8ab52f elementor-widget elementor-widget-heading\" data-id=\"d8ab52f\" data-element_type=\"widget\" data-e-type=\"widget\" data-widget_type=\"heading.default\">\n\t\t\t\t<div class=\"elementor-widget-container\">\n\t\t\t\t\t<h3 class=\"elementor-heading-title elementor-size-default\"> Obnovljivi izvori energije: ja\u010danje investicionog okvira za zelenu tranziciju<\/h3>\t\t\t\t<\/div>\n\t\t\t\t<\/div>\n\t\t\t\t<div class=\"elementor-element elementor-element-5c86077 elementor-widget elementor-widget-text-editor\" data-id=\"5c86077\" data-element_type=\"widget\" data-e-type=\"widget\" data-widget_type=\"text-editor.default\">\n\t\t\t\t<div class=\"elementor-widget-container\">\n\t\t\t\t\t\t\t\t\t<p>Agencija za investicije Crne Gore bila je doma\u0107in sesije u okviru\u00a0Policy Accelerator for Renewable Energies, koja je okupila predstavnike dr\u017eavnih institucija, institucija Evropske unije, me\u0111unarodnih partnera i civilnog dru\u0161tva.<\/p><p>Kroz otvoren i konstruktivan dijalog sa\u00a0Delegacijom Evropske unije u Crnoj Gori,\u00a0EBRD-om,\u00a0UNDP-om, stru\u010dnim tijelima i nevladinim organizacijama, razmatrani su klju\u010dni aspekti unapre\u0111enja politika u oblasti obnovljivih izvora energije i ja\u010danja investicionog okvira za zelenu tranziciju.<\/p><p>Zaklju\u010deno je da sna\u017ena koordinacija javnog sektora, me\u0111unarodnih partnera i civilnog dru\u0161tva ostaje klju\u010dna za ubrzanje odr\u017eivih energetskih investicija i dalji napredak Crne Gore na putu ka Evropskoj uniji.<\/p><p><a href=\"https:\/\/mia.gov.me\/wp-content\/uploads\/OSS_Administrative-procedures_Overview_v20260312_.pdf\" target=\"_blank\" rel=\"noopener noreferrer\" data-saferedirecturl=\"https:\/\/www.google.com\/url?q=https:\/\/mia.gov.me\/wp-content\/uploads\/OSS_Administrative-procedures_Overview_v20260312_.pdf&amp;source=gmail&amp;ust=1775037785567000&amp;usg=AOvVaw2UxqliJ29pUmCTp0z4RsJB\">Administrativne procedure za razvoj obnovljivih izvora energije<\/a><\/p>\t\t\t\t\t\t\t\t<\/div>\n\t\t\t\t<\/div>\n\t\t\t\t\t<\/div>\n\t\t\t\t<\/div>\n\t\t\t\t<\/div>\n\t\t","protected":false},"excerpt":{"rendered":"<p>Home Obnovljivi izvori energije: ja\u010danje investicionog okvira za zelenu tranziciju Agencija za investicije Crne Gore bila je doma\u0107in sesije u okviru\u00a0Policy Accelerator for Renewable Energies, koja je okupila predstavnike dr\u017eavnih institucija, institucija Evropske unije, me\u0111unarodnih partnera i civilnog dru\u0161tva. Kroz otvoren i konstruktivan dijalog sa\u00a0Delegacijom Evropske unije u Crnoj Gori,\u00a0EBRD-om,\u00a0UNDP-om, stru\u010dnim tijelima i nevladinim organizacijama, [&hellip;]<\/p>\n","protected":false},"author":3,"featured_media":0,"parent":5755,"menu_order":0,"comment_status":"closed","ping_status":"closed","template":"","meta":{"_seopress_robots_primary_cat":"","_seopress_titles_title":"","_seopress_titles_desc":"","_seopress_robots_index":"","footnotes":""},"class_list":["post-5865","page","type-page","status-publish","hentry"],"_links":{"self":[{"href":"https:\/\/mia.gov.me\/me\/wp-json\/wp\/v2\/pages\/5865","targetHints":{"allow":["GET"]}}],"collection":[{"href":"https:\/\/mia.gov.me\/me\/wp-json\/wp\/v2\/pages"}],"about":[{"href":"https:\/\/mia.gov.me\/me\/wp-json\/wp\/v2\/types\/page"}],"author":[{"embeddable":true,"href":"https:\/\/mia.gov.me\/me\/wp-json\/wp\/v2\/users\/3"}],"replies":[{"embeddable":true,"href":"https:\/\/mia.gov.me\/me\/wp-json\/wp\/v2\/comments?post=5865"}],"version-history":[{"count":4,"href":"https:\/\/mia.gov.me\/me\/wp-json\/wp\/v2\/pages\/5865\/revisions"}],"predecessor-version":[{"id":5874,"href":"https:\/\/mia.gov.me\/me\/wp-json\/wp\/v2\/pages\/5865\/revisions\/5874"}],"up":[{"embeddable":true,"href":"https:\/\/mia.gov.me\/me\/wp-json\/wp\/v2\/pages\/5755"}],"wp:attachment":[{"href":"https:\/\/mia.gov.me\/me\/wp-json\/wp\/v2\/media?parent=5865"}],"curies":[{"name":"wp","href":"https:\/\/api.w.org\/{rel}","templated":true}]}}