{"id":73,"date":"2024-03-28T21:15:46","date_gmt":"2024-03-28T20:15:46","guid":{"rendered":"https:\/\/mia.gov.me\/?page_id=73"},"modified":"2025-09-23T13:52:45","modified_gmt":"2025-09-23T12:52:45","slug":"registar-podsticajnih-mjera-za-investicije","status":"publish","type":"page","link":"https:\/\/mia.gov.me\/me\/investiraj\/registar-podsticajnih-mjera-za-investicije\/","title":{"rendered":"Registar podsticajnih mjera za investicije"},"content":{"rendered":"\t\t<div data-elementor-type=\"wp-page\" data-elementor-id=\"73\" class=\"elementor elementor-73\" data-elementor-post-type=\"page\">\n\t\t\t\t<div class=\"elementor-element elementor-element-a05dc94 e-flex e-con-boxed e-con e-parent\" data-id=\"a05dc94\" data-element_type=\"container\" data-e-type=\"container\" data-settings=\"{&quot;background_background&quot;:&quot;classic&quot;,&quot;jet_parallax_layout_list&quot;:[]}\">\n\t\t\t\t\t<div class=\"e-con-inner\">\n\t\t\t\t<div class=\"elementor-element elementor-element-4d2cd4d elementor-widget elementor-widget-heading\" data-id=\"4d2cd4d\" data-element_type=\"widget\" data-e-type=\"widget\" data-widget_type=\"heading.default\">\n\t\t\t\t<div class=\"elementor-widget-container\">\n\t\t\t\t\t<h2 class=\"elementor-heading-title elementor-size-default\">Registar podsticajnih mjera za investicije za 2025. godinu<\/h2>\t\t\t\t<\/div>\n\t\t\t\t<\/div>\n\t\t\t\t<div class=\"elementor-element elementor-element-9112c65 elementor-widget elementor-widget-sp-breadcrumbs\" data-id=\"9112c65\" data-element_type=\"widget\" data-e-type=\"widget\" data-widget_type=\"sp-breadcrumbs.default\">\n\t\t\t\t<div class=\"elementor-widget-container\">\n\t\t\t\t\t<nav  aria-label=\"breadcrumb\"><ol class=\"breadcrumb\" itemscope itemtype=\"https:\/\/schema.org\/BreadcrumbList\"><li class=\"breadcrumb-item active\" aria-current=\"page\" itemprop=\"itemListElement\" itemscope itemtype=\"https:\/\/schema.org\/ListItem\"><span itemprop=\"name\">Home<\/span><meta itemprop=\"position\" content=\"1\"><\/li><\/ol><\/nav>\t\t\t\t<\/div>\n\t\t\t\t<\/div>\n\t\t\t\t\t<\/div>\n\t\t\t\t<\/div>\n\t\t<div class=\"elementor-element elementor-element-912d142 e-flex e-con-boxed e-con e-parent\" data-id=\"912d142\" data-element_type=\"container\" data-e-type=\"container\" data-settings=\"{&quot;background_background&quot;:&quot;classic&quot;,&quot;jet_parallax_layout_list&quot;:[]}\">\n\t\t\t\t\t<div class=\"e-con-inner\">\n\t\t\t\t<div class=\"elementor-element elementor-element-284014e elementor-widget elementor-widget-text-editor\" data-id=\"284014e\" data-element_type=\"widget\" data-e-type=\"widget\" data-widget_type=\"text-editor.default\">\n\t\t\t\t<div class=\"elementor-widget-container\">\n\t\t\t\t\t\t\t\t\t<p><strong>Ministarstvo regionalno\u2013investicionog razvoja i saradnje sa nevladinim organizacijama zavr\u0161ilo je proces a\u017euriranja Registra podsticajnih mjera za investicije za 2025. godinu, koji sadr\u017ei 55 mjera podr\u0161ke namijenjenih doma\u0107im i stranim investitorima u Crnoj Gori.<\/strong><\/p><p>Registar obuhvata finansijske, nefinansijske i fiskalne podsticaje koje dr\u017eavne institucije pru\u017eaju privatnom sektoru sa ciljem podsticanja investicija, razvoja preduzetni\u0161tva i unapre\u0111enja konkurentnosti doma\u0107e privrede. Mjere su usmjerene ka mikro, malim i srednjim preduze\u0107ima, zanatlijama, poljoprivrednicima, inovatorima, \u017eenama preduzetnicama i drugim akterima sa investicionim potencijalom.<\/p><p>Ova aktivnost je sprovedena u okviru obaveza preuzetih Akcionim planom Regionalne agende za reforme u oblasti investicija (RIRA), kao dijela vi\u0161egodi\u0161njeg Akcionog plana za Regionalni ekonomski prostor na Zapadnom Balkanu (MAP REA) i Zajedni\u010dkog regionalnog tr\u017ei\u0161ta. Cilj je da regionalna saradnja i uskla\u0111ivanje politika doprinesu stvaranju stabilnog i atraktivnog ambijenta za investicije.<\/p><p>Tokom procesa a\u017euriranja, Ministarstvo je ostvarilo blisku saradnju sa nadle\u017enim resorima i dr\u017eavnim institucijama koje su a\u017eurirale podatke o aktuelnim programima podr\u0161ke. Posebna pa\u017enja posve\u0107ena je osiguravanju pravovremenih, potpunih i ta\u010dnih informacija koje su javno dostupne u elektronskoj formi, \u010dime se doprinosi ve\u0107oj transparentnosti i dostupnosti podataka svim zainteresovanim stranama.<\/p><p>Registar podsticajnih mjera za investicije za 2025. godinu nalazi se u nastavku ovog teksta i bi\u0107e redovno a\u017euriran u skladu sa novim mjerama i promjenama u okviru va\u017ee\u0107ih programa.<\/p>\t\t\t\t\t\t\t\t<\/div>\n\t\t\t\t<\/div>\n\t\t<div class=\"elementor-element elementor-element-b119f7e e-flex e-con-boxed e-con e-child\" data-id=\"b119f7e\" data-element_type=\"container\" data-e-type=\"container\" data-settings=\"{&quot;jet_parallax_layout_list&quot;:[]}\">\n\t\t\t\t\t<div class=\"e-con-inner\">\n\t\t\t\t<div class=\"elementor-element elementor-element-abc14fe elementor-widget elementor-widget-button\" data-id=\"abc14fe\" data-element_type=\"widget\" data-e-type=\"widget\" data-widget_type=\"button.default\">\n\t\t\t\t<div class=\"elementor-widget-container\">\n\t\t\t\t\t\t\t\t\t<div class=\"elementor-button-wrapper\">\n\t\t\t\t\t<a class=\"elementor-button elementor-button-link elementor-size-sm\" href=\"https:\/\/mia.gov.me\/wp-content\/uploads\/Generalna-prezentacija-28.07.pdf\">\n\t\t\t\t\t\t<span class=\"elementor-button-content-wrapper\">\n\t\t\t\t\t\t\t\t\t<span class=\"elementor-button-text\">Preuzmi Prezentaciju<\/span>\n\t\t\t\t\t<\/span>\n\t\t\t\t\t<\/a>\n\t\t\t\t<\/div>\n\t\t\t\t\t\t\t\t<\/div>\n\t\t\t\t<\/div>\n\t\t\t\t<div class=\"elementor-element elementor-element-657128e elementor-widget elementor-widget-button\" data-id=\"657128e\" data-element_type=\"widget\" data-e-type=\"widget\" data-widget_type=\"button.default\">\n\t\t\t\t<div class=\"elementor-widget-container\">\n\t\t\t\t\t\t\t\t\t<div class=\"elementor-button-wrapper\">\n\t\t\t\t\t<a class=\"elementor-button elementor-button-link elementor-size-sm\" href=\"https:\/\/mia.gov.me\/wp-content\/uploads\/Registar-podsticajnih-mjera-za-investicije-za-2025.xlsx\">\n\t\t\t\t\t\t<span class=\"elementor-button-content-wrapper\">\n\t\t\t\t\t\t\t\t\t<span class=\"elementor-button-text\">Preuzmi Excel tabelu<\/span>\n\t\t\t\t\t<\/span>\n\t\t\t\t\t<\/a>\n\t\t\t\t<\/div>\n\t\t\t\t\t\t\t\t<\/div>\n\t\t\t\t<\/div>\n\t\t\t\t\t<\/div>\n\t\t\t\t<\/div>\n\t\t\t\t\t<\/div>\n\t\t\t\t<\/div>\n\t\t\t\t<\/div>\n\t\t","protected":false},"excerpt":{"rendered":"<p>Registar podsticajnih mjera za investicije za 2025. godinu Home Ministarstvo regionalno\u2013investicionog razvoja i saradnje sa nevladinim organizacijama zavr\u0161ilo je proces a\u017euriranja Registra podsticajnih mjera za investicije za 2025. godinu, koji sadr\u017ei 55 mjera podr\u0161ke namijenjenih doma\u0107im i stranim investitorima u Crnoj Gori. Registar obuhvata finansijske, nefinansijske i fiskalne podsticaje koje dr\u017eavne institucije pru\u017eaju privatnom sektoru [&hellip;]<\/p>\n","protected":false},"author":3,"featured_media":0,"parent":63,"menu_order":0,"comment_status":"closed","ping_status":"closed","template":"","meta":{"_seopress_robots_primary_cat":"","_seopress_titles_title":"","_seopress_titles_desc":"","_seopress_robots_index":"","footnotes":""},"class_list":["post-73","page","type-page","status-publish","hentry"],"_links":{"self":[{"href":"https:\/\/mia.gov.me\/me\/wp-json\/wp\/v2\/pages\/73","targetHints":{"allow":["GET"]}}],"collection":[{"href":"https:\/\/mia.gov.me\/me\/wp-json\/wp\/v2\/pages"}],"about":[{"href":"https:\/\/mia.gov.me\/me\/wp-json\/wp\/v2\/types\/page"}],"author":[{"embeddable":true,"href":"https:\/\/mia.gov.me\/me\/wp-json\/wp\/v2\/users\/3"}],"replies":[{"embeddable":true,"href":"https:\/\/mia.gov.me\/me\/wp-json\/wp\/v2\/comments?post=73"}],"version-history":[{"count":22,"href":"https:\/\/mia.gov.me\/me\/wp-json\/wp\/v2\/pages\/73\/revisions"}],"predecessor-version":[{"id":4669,"href":"https:\/\/mia.gov.me\/me\/wp-json\/wp\/v2\/pages\/73\/revisions\/4669"}],"up":[{"embeddable":true,"href":"https:\/\/mia.gov.me\/me\/wp-json\/wp\/v2\/pages\/63"}],"wp:attachment":[{"href":"https:\/\/mia.gov.me\/me\/wp-json\/wp\/v2\/media?parent=73"}],"curies":[{"name":"wp","href":"https:\/\/api.w.org\/{rel}","templated":true}]}}