{"id":93,"date":"2024-03-28T21:17:33","date_gmt":"2024-03-28T20:17:33","guid":{"rendered":"https:\/\/mia.gov.me\/?page_id=93"},"modified":"2024-06-02T09:44:47","modified_gmt":"2024-06-02T08:44:47","slug":"registruj-biznis","status":"publish","type":"page","link":"https:\/\/mia.gov.me\/me\/investiraj\/regulativa\/registruj-biznis\/","title":{"rendered":"Registruj biznis"},"content":{"rendered":"\t\t<div data-elementor-type=\"wp-page\" data-elementor-id=\"93\" class=\"elementor elementor-93\" data-elementor-post-type=\"page\">\n\t\t\t\t<div class=\"elementor-element elementor-element-4c20e11 e-flex e-con-boxed e-con e-parent\" data-id=\"4c20e11\" data-element_type=\"container\" data-e-type=\"container\" data-settings=\"{&quot;background_background&quot;:&quot;classic&quot;,&quot;jet_parallax_layout_list&quot;:[]}\">\n\t\t\t\t\t<div class=\"e-con-inner\">\n\t\t\t\t<div class=\"elementor-element elementor-element-453a233 elementor-widget elementor-widget-sp-breadcrumbs\" data-id=\"453a233\" data-element_type=\"widget\" data-e-type=\"widget\" data-widget_type=\"sp-breadcrumbs.default\">\n\t\t\t\t<div class=\"elementor-widget-container\">\n\t\t\t\t\t<nav  aria-label=\"breadcrumb\"><ol class=\"breadcrumb\" itemscope itemtype=\"https:\/\/schema.org\/BreadcrumbList\"><li class=\"breadcrumb-item active\" aria-current=\"page\" itemprop=\"itemListElement\" itemscope itemtype=\"https:\/\/schema.org\/ListItem\"><span itemprop=\"name\">Home<\/span><meta itemprop=\"position\" content=\"1\"><\/li><\/ol><\/nav>\t\t\t\t<\/div>\n\t\t\t\t<\/div>\n\t\t\t\t\t<\/div>\n\t\t\t\t<\/div>\n\t\t<div class=\"elementor-element elementor-element-0ca55d2 e-flex e-con-boxed e-con e-parent\" data-id=\"0ca55d2\" data-element_type=\"container\" data-e-type=\"container\" data-settings=\"{&quot;background_background&quot;:&quot;classic&quot;,&quot;jet_parallax_layout_list&quot;:[]}\">\n\t\t\t\t\t<div class=\"e-con-inner\">\n\t\t\t\t<div class=\"elementor-element elementor-element-e81a68f elementor-widget elementor-widget-heading\" data-id=\"e81a68f\" data-element_type=\"widget\" data-e-type=\"widget\" data-widget_type=\"heading.default\">\n\t\t\t\t<div class=\"elementor-widget-container\">\n\t\t\t\t\t<h6 class=\"elementor-heading-title elementor-size-default\">Dru\u0161tvo sa ograni\u010denom odgovorno\u0161\u0107u registruje se u CRPS, na osnovu registracione prijave uz koju se podnosi propisana dokumentacija sa potrebnim informacijama o dru\u0161tvu i \u010dlanovima dru\u0161tva.<\/h6>\t\t\t\t<\/div>\n\t\t\t\t<\/div>\n\t\t\t\t<div class=\"elementor-element elementor-element-c0b5c58 elementor-widget elementor-widget-jet-table\" data-id=\"c0b5c58\" data-element_type=\"widget\" data-e-type=\"widget\" data-widget_type=\"jet-table.default\">\n\t\t\t\t<div class=\"elementor-widget-container\">\n\t\t\t\t\t<div class=\"elementor-jet-table jet-elements\">\n\t\t<div class=\"jet-table-wrapper jet-table-responsive-mobile\">\n\t\t\t<table class=\"jet-table jet-table--fa5-compat\">\n\t\t\t\t<thead class=\"jet-table__head\"><tr class=\"jet-table__head-row\"><th class=\"jet-table__cell elementor-repeater-item-d7c6b76 jet-table__head-cell\" scope=\"col\"><div class=\"jet-table__cell-inner\"><div class=\"jet-table__cell-content\"><div class=\"jet-table__cell-text\">#<\/div><\/div><\/div><\/th><th class=\"jet-table__cell elementor-repeater-item-83377b1 jet-table__head-cell\" scope=\"col\"><div class=\"jet-table__cell-inner\"><div class=\"jet-table__cell-content\"><div class=\"jet-table__cell-text\">Potrebne informacije<\/div><\/div><\/div><\/th><\/tr><\/thead>\n\t\t\t\t\t\t\t\t<tbody class=\"jet-table__body\"><tr class=\"jet-table__body-row elementor-repeater-item-7d351c3\"><td class=\"jet-table__cell elementor-repeater-item-73eb693 jet-table__body-cell\"><div class=\"jet-table__cell-inner\"><div class=\"jet-table__cell-content\"><div class=\"jet-table__cell-text\">1.<\/div><\/div><\/div><\/td><td class=\"jet-table__cell elementor-repeater-item-87df317 jet-table__body-cell\"><div class=\"jet-table__cell-inner\"><div class=\"jet-table__cell-content\"><div class=\"jet-table__cell-text\">JPR obrazac (jedinstveni registracioni obrazac)<\/div><\/div><\/div><\/td><\/tr><tr class=\"jet-table__body-row elementor-repeater-item-bc76471\"><td class=\"jet-table__cell elementor-repeater-item-7745bf3 jet-table__body-cell\"><div class=\"jet-table__cell-inner\"><div class=\"jet-table__cell-content\"><div class=\"jet-table__cell-text\">2.<\/div><\/div><\/div><\/td><td class=\"jet-table__cell elementor-repeater-item-1c925bd jet-table__body-cell\"><div class=\"jet-table__cell-inner\"><div class=\"jet-table__cell-content\"><div class=\"jet-table__cell-text\">Kopija li\u010dne karte i dokaz o uplati takse (taksa u iznosu od 5\u20ac Poreskoj upravi)<\/div><\/div><\/div><\/td><\/tr><tr class=\"jet-table__body-row elementor-repeater-item-99b3b12\"><td class=\"jet-table__cell elementor-repeater-item-06006a1 jet-table__body-cell\"><div class=\"jet-table__cell-inner\"><div class=\"jet-table__cell-content\"><div class=\"jet-table__cell-text\">3.<\/div><\/div><\/div><\/td><td class=\"jet-table__cell elementor-repeater-item-8c9c59e jet-table__body-cell\"><div class=\"jet-table__cell-inner\"><div class=\"jet-table__cell-content\"><div class=\"jet-table__cell-text\">Spisak sa imenima \u010dlanova organa upravljanja dru\u0161tva, datum i mjesto ro\u0111enja, jedinstveni mati\u010dni broj, prebivali\u0161te, odnosno boravi\u0161te sa odlukama o imenovanju \u010dlanova organa upravljanja dru\u0161tva<\/div><\/div><\/div><\/td><\/tr><tr class=\"jet-table__body-row elementor-repeater-item-fef73f2\"><td class=\"jet-table__cell elementor-repeater-item-cd1c878 jet-table__body-cell\"><div class=\"jet-table__cell-inner\"><div class=\"jet-table__cell-content\"><div class=\"jet-table__cell-text\">4.<\/div><\/div><\/div><\/td><td class=\"jet-table__cell elementor-repeater-item-592b0eb jet-table__body-cell\"><div class=\"jet-table__cell-inner\"><div class=\"jet-table__cell-content\"><div class=\"jet-table__cell-text\">Zanimanja \u010dlanova organa upravljanja koji nijesu zaposleni u dru\u0161tvu, kao i podatke o \u010dlanstvu u drugim organima upravljanja, funkcijama na kojima se nalaze u Crnoj Gori ili van nje, kao i mjestu registracije tih dru\u0161tava, ukoliko nijesu registrovana u Crnoj Gori<\/div><\/div><\/div><\/td><\/tr><tr class=\"jet-table__body-row elementor-repeater-item-9882a6a\"><td class=\"jet-table__cell elementor-repeater-item-b1f6890 jet-table__body-cell\"><div class=\"jet-table__cell-inner\"><div class=\"jet-table__cell-content\"><div class=\"jet-table__cell-text\">5.<\/div><\/div><\/div><\/td><td class=\"jet-table__cell elementor-repeater-item-e6ea5d7 jet-table__body-cell\"><div class=\"jet-table__cell-inner\"><div class=\"jet-table__cell-content\"><div class=\"jet-table__cell-text\">Ime i adresa revizora i sekretara dru\u0161tva<\/div><\/div><\/div><\/td><\/tr><tr class=\"jet-table__body-row elementor-repeater-item-1025c46\"><td class=\"jet-table__cell elementor-repeater-item-01e402f jet-table__body-cell\"><div class=\"jet-table__cell-inner\"><div class=\"jet-table__cell-content\"><div class=\"jet-table__cell-text\">6.<\/div><\/div><\/div><\/td><td class=\"jet-table__cell elementor-repeater-item-b9c6dec jet-table__body-cell\"><div class=\"jet-table__cell-inner\"><div class=\"jet-table__cell-content\"><div class=\"jet-table__cell-text\">Ime i adresa \u010dlanova revizorskog odbora<\/div><\/div><\/div><\/td><\/tr><tr class=\"jet-table__body-row elementor-repeater-item-3db3375\"><td class=\"jet-table__cell elementor-repeater-item-08edf8f jet-table__body-cell\"><div class=\"jet-table__cell-inner\"><div class=\"jet-table__cell-content\"><div class=\"jet-table__cell-text\">7.<\/div><\/div><\/div><\/td><td class=\"jet-table__cell elementor-repeater-item-feb8f7a jet-table__body-cell\"><div class=\"jet-table__cell-inner\"><div class=\"jet-table__cell-content\"><div class=\"jet-table__cell-text\">Adresa za prijem elektronske po\u0161te<\/div><\/div><\/div><\/td><\/tr><tr class=\"jet-table__body-row elementor-repeater-item-79388c7\"><td class=\"jet-table__cell elementor-repeater-item-d420edb jet-table__body-cell\"><div class=\"jet-table__cell-inner\"><div class=\"jet-table__cell-content\"><div class=\"jet-table__cell-text\">8.<\/div><\/div><\/div><\/td><td class=\"jet-table__cell elementor-repeater-item-a314fc8 jet-table__body-cell\"><div class=\"jet-table__cell-inner\"><div class=\"jet-table__cell-content\"><div class=\"jet-table__cell-text\">Adresa za prijem po\u0161te, ako postoji<\/div><\/div><\/div><\/td><\/tr><tr class=\"jet-table__body-row elementor-repeater-item-b3af586\"><td class=\"jet-table__cell elementor-repeater-item-4ccfd59 jet-table__body-cell\"><div class=\"jet-table__cell-inner\"><div class=\"jet-table__cell-content\"><div class=\"jet-table__cell-text\">9.<\/div><\/div><\/div><\/td><td class=\"jet-table__cell elementor-repeater-item-4c1f6cf jet-table__body-cell\"><div class=\"jet-table__cell-inner\"><div class=\"jet-table__cell-content\"><div class=\"jet-table__cell-text\">Prete\u017ena djelatnost<\/div><\/div><\/div><\/td><\/tr><tr class=\"jet-table__body-row elementor-repeater-item-d0f1e71\"><td class=\"jet-table__cell elementor-repeater-item-03705b3 jet-table__body-cell\"><div class=\"jet-table__cell-inner\"><div class=\"jet-table__cell-content\"><div class=\"jet-table__cell-text\">10.<\/div><\/div><\/div><\/td><td class=\"jet-table__cell elementor-repeater-item-9c8568c jet-table__body-cell\"><div class=\"jet-table__cell-inner\"><div class=\"jet-table__cell-content\"><div class=\"jet-table__cell-text\">Odluka o osnivanju preduze\u0107a, ukoliko dru\u0161tvo osniva jedan osniva\u010d i Odluku je potrebno ovjeriti u Sudu ili kod Notara<\/div><\/div><\/div><\/td><\/tr><tr class=\"jet-table__body-row elementor-repeater-item-318dbd0\"><td class=\"jet-table__cell elementor-repeater-item-b848663 jet-table__body-cell\"><div class=\"jet-table__cell-inner\"><div class=\"jet-table__cell-content\"><div class=\"jet-table__cell-text\">11.<\/div><\/div><\/div><\/td><td class=\"jet-table__cell elementor-repeater-item-d861e0e jet-table__body-cell\"><div class=\"jet-table__cell-inner\"><div class=\"jet-table__cell-content\"><div class=\"jet-table__cell-text\">Ukoliko budu\u0107e dru\u0161tvo osniva vi\u0161e osniva\u010da, potrebno je dostaviti Ugovor o osnivanju<\/div><\/div><\/div><\/td><\/tr><tr class=\"jet-table__body-row elementor-repeater-item-b320993\"><td class=\"jet-table__cell elementor-repeater-item-d340ffb jet-table__body-cell\"><div class=\"jet-table__cell-inner\"><div class=\"jet-table__cell-content\"><div class=\"jet-table__cell-text\">12.<\/div><\/div><\/div><\/td><td class=\"jet-table__cell elementor-repeater-item-4876aeb jet-table__body-cell\"><div class=\"jet-table__cell-inner\"><div class=\"jet-table__cell-content\"><div class=\"jet-table__cell-text\">Statut dru\u0161tva<\/div><\/div><\/div><\/td><\/tr><tr class=\"jet-table__body-row elementor-repeater-item-162ead6\"><td class=\"jet-table__cell elementor-repeater-item-6a5d4a0 jet-table__body-cell\"><div class=\"jet-table__cell-inner\"><div class=\"jet-table__cell-content\"><div class=\"jet-table__cell-text\">13.<\/div><\/div><\/div><\/td><td class=\"jet-table__cell elementor-repeater-item-8ce131a jet-table__body-cell\"><div class=\"jet-table__cell-inner\"><div class=\"jet-table__cell-content\"><div class=\"jet-table__cell-text\">Uplatnice na ra\u010dun Slu\u017ebenog lista Crne Gore u iznosu od 3 EUR (br. \u017eiro ra\u010duna 520-941100-57)<\/div><\/div><\/div><\/td><\/tr><tr class=\"jet-table__body-row elementor-repeater-item-d5c3199\"><td class=\"jet-table__cell elementor-repeater-item-3eafcd8 jet-table__body-cell\"><div class=\"jet-table__cell-inner\"><div class=\"jet-table__cell-content\"><div class=\"jet-table__cell-text\">14.<\/div><\/div><\/div><\/td><td class=\"jet-table__cell elementor-repeater-item-fbc380c jet-table__body-cell\"><div class=\"jet-table__cell-inner\"><div class=\"jet-table__cell-content\"><div class=\"jet-table__cell-text\">Uplatnice na ra\u010dun Poreske uprave u iznosu od 5 EUR (br. \u017eiro racuna 832-3161017-60)<\/div><\/div><\/div><\/td><\/tr><tr class=\"jet-table__body-row elementor-repeater-item-2accf6f\"><td class=\"jet-table__cell elementor-repeater-item-a1274d6 jet-table__body-cell\"><div class=\"jet-table__cell-inner\"><div class=\"jet-table__cell-content\"><div class=\"jet-table__cell-text\">15.<\/div><\/div><\/div><\/td><td class=\"jet-table__cell elementor-repeater-item-17b4405 jet-table__body-cell\"><div class=\"jet-table__cell-inner\"><div class=\"jet-table__cell-content\"><div class=\"jet-table__cell-text\">Izvod iz Centralnog Klirin\u0161ko Depozitarnog Dru\u0161tva (za dobijanje izvoda potrebno je prilo\u017eiti kopiju li\u010dne karte osniva\u010da ili kopiju paso\u0161a u slu\u010daju da je osniva\u010d strano lice, kao i uplatnicu u iznosu od 6 EUR upla\u0107enu na \u017eiro ra\u010dun br. 510-8092-14.<\/div><\/div><\/div><\/td><\/tr><tr class=\"jet-table__body-row elementor-repeater-item-81397b5\"><td class=\"jet-table__cell elementor-repeater-item-a38e205 jet-table__body-cell\"><div class=\"jet-table__cell-inner\"><div class=\"jet-table__cell-content\"><div class=\"jet-table__cell-text\">16.<\/div><\/div><\/div><\/td><td class=\"jet-table__cell elementor-repeater-item-20708ec jet-table__body-cell\"><div class=\"jet-table__cell-inner\"><div class=\"jet-table__cell-content\"><div class=\"jet-table__cell-text\">Kopija li\u010dne karte ukoliko se radi o dr\u017eavljaninu Crne Gore ili kopiju paso\u0161a stranog dr\u017eavljanina;<\/div><\/div><\/div><\/td><\/tr><tr class=\"jet-table__body-row elementor-repeater-item-9492008\"><td class=\"jet-table__cell elementor-repeater-item-55a7a3d jet-table__body-cell\"><div class=\"jet-table__cell-inner\"><div class=\"jet-table__cell-content\"><div class=\"jet-table__cell-text\">17.<\/div><\/div><\/div><\/td><td class=\"jet-table__cell elementor-repeater-item-1089a22 jet-table__body-cell\"><div class=\"jet-table__cell-inner\"><div class=\"jet-table__cell-content\"><div class=\"jet-table__cell-text\">Izjava izvr\u0161nog direktora sa imenovanjem na toj poziciji u budu\u0107em dru\u0161tvu<\/div><\/div><\/div><\/td><\/tr><\/tbody>\n\t\t\t<\/table>\n\t\t<\/div>\n\n\t\t<\/div>\t\t\t\t<\/div>\n\t\t\t\t<\/div>\n\t\t\t\t<div class=\"elementor-element elementor-element-b3641e3 elementor-icon-list--layout-traditional elementor-list-item-link-full_width elementor-widget elementor-widget-icon-list\" data-id=\"b3641e3\" data-element_type=\"widget\" data-e-type=\"widget\" data-widget_type=\"icon-list.default\">\n\t\t\t\t<div class=\"elementor-widget-container\">\n\t\t\t\t\t\t\t<ul class=\"elementor-icon-list-items\">\n\t\t\t\t\t\t\t<li class=\"elementor-icon-list-item\">\n\t\t\t\t\t\t\t\t\t\t\t<span class=\"elementor-icon-list-icon\">\n\t\t\t\t\t\t\t<svg aria-hidden=\"true\" class=\"e-font-icon-svg e-fas-info-circle\" viewBox=\"0 0 512 512\" xmlns=\"http:\/\/www.w3.org\/2000\/svg\"><path d=\"M256 8C119.043 8 8 119.083 8 256c0 136.997 111.043 248 248 248s248-111.003 248-248C504 119.083 392.957 8 256 8zm0 110c23.196 0 42 18.804 42 42s-18.804 42-42 42-42-18.804-42-42 18.804-42 42-42zm56 254c0 6.627-5.373 12-12 12h-88c-6.627 0-12-5.373-12-12v-24c0-6.627 5.373-12 12-12h12v-64h-12c-6.627 0-12-5.373-12-12v-24c0-6.627 5.373-12 12-12h64c6.627 0 12 5.373 12 12v100h12c6.627 0 12 5.373 12 12v24z\"><\/path><\/svg>\t\t\t\t\t\t<\/span>\n\t\t\t\t\t\t\t\t\t\t<span class=\"elementor-icon-list-text\">Nakon predaje dokumentacije i dobijenog Rje\u0161enja o registraciji dru\u0161tva neophodno je izraditi pe\u010dat dru\u0161tva, otvoriti ra\u010dun u jednoj od banaka u Crnoj Gori kao i prijaviti zaposlene u Poreskoj upravi.<\/span>\n\t\t\t\t\t\t\t\t\t<\/li>\n\t\t\t\t\t\t<\/ul>\n\t\t\t\t\t\t<\/div>\n\t\t\t\t<\/div>\n\t\t\t\t<div class=\"elementor-element elementor-element-2bfbf88 elementor-widget elementor-widget-heading\" data-id=\"2bfbf88\" data-element_type=\"widget\" data-e-type=\"widget\" data-widget_type=\"heading.default\">\n\t\t\t\t<div class=\"elementor-widget-container\">\n\t\t\t\t\t<h6 class=\"elementor-heading-title elementor-size-default\">Strana dru\u0161tva koja osnivaju djelove svojih dru\u0161tava u Crnoj Gori, u roku od 30 dana od dana osnivanja dijela dru\u0161tva, du\u017ena su da radi registracije u CRPS dostave sljede\u0107e podatke:<\/h6>\t\t\t\t<\/div>\n\t\t\t\t<\/div>\n\t\t\t\t<div class=\"elementor-element elementor-element-604e4db elementor-widget elementor-widget-jet-table\" data-id=\"604e4db\" data-element_type=\"widget\" data-e-type=\"widget\" data-widget_type=\"jet-table.default\">\n\t\t\t\t<div class=\"elementor-widget-container\">\n\t\t\t\t\t<div class=\"elementor-jet-table jet-elements\">\n\t\t<div class=\"jet-table-wrapper jet-table-responsive-mobile\">\n\t\t\t<table class=\"jet-table jet-table--fa5-compat\">\n\t\t\t\t<thead class=\"jet-table__head\"><tr class=\"jet-table__head-row\"><th class=\"jet-table__cell elementor-repeater-item-d7c6b76 jet-table__head-cell\" scope=\"col\"><div class=\"jet-table__cell-inner\"><div class=\"jet-table__cell-content\"><div class=\"jet-table__cell-text\">#<\/div><\/div><\/div><\/th><th class=\"jet-table__cell elementor-repeater-item-83377b1 jet-table__head-cell\" scope=\"col\"><div class=\"jet-table__cell-inner\"><div class=\"jet-table__cell-content\"><div class=\"jet-table__cell-text\">Potrebne informacije<\/div><\/div><\/div><\/th><\/tr><\/thead>\n\t\t\t\t\t\t\t\t<tbody class=\"jet-table__body\"><tr class=\"jet-table__body-row elementor-repeater-item-7d351c3\"><td class=\"jet-table__cell elementor-repeater-item-73eb693 jet-table__body-cell\"><div class=\"jet-table__cell-inner\"><div class=\"jet-table__cell-content\"><div class=\"jet-table__cell-text\">1.<\/div><\/div><\/div><\/td><td class=\"jet-table__cell elementor-repeater-item-87df317 jet-table__body-cell\"><div class=\"jet-table__cell-inner\"><div class=\"jet-table__cell-content\"><div class=\"jet-table__cell-text\">Adresu sjedi\u0161ta dijela stranog dru\u0161tva u Crnoj Gori<\/div><\/div><\/div><\/td><\/tr><tr class=\"jet-table__body-row elementor-repeater-item-bc76471\"><td class=\"jet-table__cell elementor-repeater-item-7745bf3 jet-table__body-cell\"><div class=\"jet-table__cell-inner\"><div class=\"jet-table__cell-content\"><div class=\"jet-table__cell-text\">2.<\/div><\/div><\/div><\/td><td class=\"jet-table__cell elementor-repeater-item-1c925bd jet-table__body-cell\"><div class=\"jet-table__cell-inner\"><div class=\"jet-table__cell-content\"><div class=\"jet-table__cell-text\">Djelatnost dru\u0161tva<\/div><\/div><\/div><\/td><\/tr><tr class=\"jet-table__body-row elementor-repeater-item-99b3b12\"><td class=\"jet-table__cell elementor-repeater-item-06006a1 jet-table__body-cell\"><div class=\"jet-table__cell-inner\"><div class=\"jet-table__cell-content\"><div class=\"jet-table__cell-text\">3.<\/div><\/div><\/div><\/td><td class=\"jet-table__cell elementor-repeater-item-8c9c59e jet-table__body-cell\"><div class=\"jet-table__cell-inner\"><div class=\"jet-table__cell-content\"><div class=\"jet-table__cell-text\">Naziv i oblik stranog dru\u0161tva i naziv dijela dru\u0161tva, ako je druga\u010diji od naziva dru\u0161tva<\/div><\/div><\/div><\/td><\/tr><tr class=\"jet-table__body-row elementor-repeater-item-fef73f2\"><td class=\"jet-table__cell elementor-repeater-item-cd1c878 jet-table__body-cell\"><div class=\"jet-table__cell-inner\"><div class=\"jet-table__cell-content\"><div class=\"jet-table__cell-text\">4.<\/div><\/div><\/div><\/td><td class=\"jet-table__cell elementor-repeater-item-592b0eb jet-table__body-cell\"><div class=\"jet-table__cell-inner\"><div class=\"jet-table__cell-content\"><div class=\"jet-table__cell-text\">Ovjerenu kopiju statuta stranog dru\u0161tva i prevod statuta odnosno osniva\u010dkog akta na crnogorski jezik, ovjeren od strane sudskog tuma\u010da, ukoliko dono\u0161enje statuta nije obavezno u dr\u017eavi u kojoj je strano dru\u0161tvo registrovano<\/div><\/div><\/div><\/td><\/tr><tr class=\"jet-table__body-row elementor-repeater-item-9882a6a\"><td class=\"jet-table__cell elementor-repeater-item-b1f6890 jet-table__body-cell\"><div class=\"jet-table__cell-inner\"><div class=\"jet-table__cell-content\"><div class=\"jet-table__cell-text\">5.<\/div><\/div><\/div><\/td><td class=\"jet-table__cell elementor-repeater-item-e6ea5d7 jet-table__body-cell\"><div class=\"jet-table__cell-inner\"><div class=\"jet-table__cell-content\"><div class=\"jet-table__cell-text\">Kopiju potvrde o registraciji stranog dru\u0161tva odnosno ovjereni dokument kojim se potvr\u0111uje valjanost registracije dru\u0161tva u mati\u010dnoj dr\u017eavi<\/div><\/div><\/div><\/td><\/tr><tr class=\"jet-table__body-row elementor-repeater-item-1025c46\"><td class=\"jet-table__cell elementor-repeater-item-01e402f jet-table__body-cell\"><div class=\"jet-table__cell-inner\"><div class=\"jet-table__cell-content\"><div class=\"jet-table__cell-text\">6.<\/div><\/div><\/div><\/td><td class=\"jet-table__cell elementor-repeater-item-b9c6dec jet-table__body-cell\"><div class=\"jet-table__cell-inner\"><div class=\"jet-table__cell-content\"><div class=\"jet-table__cell-text\">Imena i adrese lica koja su ovla\u0161\u0107ena da zastupaju dru\u0161tvo u Crnoj Gori, odnosno organ dru\u0161tva ili \u010dlanovi tog organa, stalni predstavnici dru\u0161tva za poslovanje dijela stranog dru\u0161tva, kao i ovla\u0161\u0107enja da ta lica zastupaju dru\u0161tvo, pojedina\u010dno ili kolektivno<\/div><\/div><\/div><\/td><\/tr><tr class=\"jet-table__body-row elementor-repeater-item-3db3375\"><td class=\"jet-table__cell elementor-repeater-item-08edf8f jet-table__body-cell\"><div class=\"jet-table__cell-inner\"><div class=\"jet-table__cell-content\"><div class=\"jet-table__cell-text\">7.<\/div><\/div><\/div><\/td><td class=\"jet-table__cell elementor-repeater-item-feb8f7a jet-table__body-cell\"><div class=\"jet-table__cell-inner\"><div class=\"jet-table__cell-content\"><div class=\"jet-table__cell-text\">Posljednji bilans stanja i bilans uspjeha odnosno druge finansijske dokumente propisane zakonom zemlje u kojoj je dru\u0161tvo registrovano<\/div><\/div><\/div><\/td><\/tr><\/tbody>\n\t\t\t<\/table>\n\t\t<\/div>\n\n\t\t<\/div>\t\t\t\t<\/div>\n\t\t\t\t<\/div>\n\t\t\t\t\t<\/div>\n\t\t\t\t<\/div>\n\t\t<div class=\"elementor-element elementor-element-5d60fed e-flex e-con-boxed e-con e-parent\" data-id=\"5d60fed\" data-element_type=\"container\" data-e-type=\"container\" data-settings=\"{&quot;background_background&quot;:&quot;classic&quot;,&quot;jet_parallax_layout_list&quot;:[]}\">\n\t\t\t\t\t<div class=\"e-con-inner\">\n\t\t<div class=\"elementor-element elementor-element-c782e67 e-con-full e-flex e-con e-child\" data-id=\"c782e67\" data-element_type=\"container\" data-e-type=\"container\" data-settings=\"{&quot;jet_parallax_layout_list&quot;:[]}\">\n\t\t\t\t<div class=\"elementor-element elementor-element-126a1ee elementor-widget elementor-widget-heading\" data-id=\"126a1ee\" data-element_type=\"widget\" data-e-type=\"widget\" data-widget_type=\"heading.default\">\n\t\t\t\t<div class=\"elementor-widget-container\">\n\t\t\t\t\t<h6 class=\"elementor-heading-title elementor-size-default\">Potreban Vam je savjet? Mi nudimo profesionalnu pomo\u0107!<\/h6>\t\t\t\t<\/div>\n\t\t\t\t<\/div>\n\t\t\t\t<div class=\"elementor-element elementor-element-2f51d3e elementor-widget elementor-widget-text-editor\" data-id=\"2f51d3e\" data-element_type=\"widget\" data-e-type=\"widget\" data-widget_type=\"text-editor.default\">\n\t\t\t\t<div class=\"elementor-widget-container\">\n\t\t\t\t\t\t\t\t\t<p>Kontaktirajte nas za vi\u0161e informacija o na\u0161im uslugama.<\/p>\t\t\t\t\t\t\t\t<\/div>\n\t\t\t\t<\/div>\n\t\t\t\t<\/div>\n\t\t<div class=\"elementor-element elementor-element-8d22fe2 e-con-full e-flex e-con e-child\" data-id=\"8d22fe2\" data-element_type=\"container\" data-e-type=\"container\" data-settings=\"{&quot;jet_parallax_layout_list&quot;:[]}\">\n\t\t\t\t<div class=\"elementor-element elementor-element-6187ca7 elementor-align-center elementor-widget elementor-widget-button\" data-id=\"6187ca7\" data-element_type=\"widget\" data-e-type=\"widget\" data-widget_type=\"button.default\">\n\t\t\t\t<div class=\"elementor-widget-container\">\n\t\t\t\t\t\t\t\t\t<div class=\"elementor-button-wrapper\">\n\t\t\t\t\t<a class=\"elementor-button elementor-button-link elementor-size-sm\" href=\"https:\/\/mia.gov.me\/me\/kontakt\/\">\n\t\t\t\t\t\t<span class=\"elementor-button-content-wrapper\">\n\t\t\t\t\t\t\t\t\t<span class=\"elementor-button-text\">Kontaktirajte nas<\/span>\n\t\t\t\t\t<\/span>\n\t\t\t\t\t<\/a>\n\t\t\t\t<\/div>\n\t\t\t\t\t\t\t\t<\/div>\n\t\t\t\t<\/div>\n\t\t\t\t<\/div>\n\t\t\t\t\t<\/div>\n\t\t\t\t<\/div>\n\t\t\t\t<\/div>\n\t\t","protected":false},"excerpt":{"rendered":"<p>Home Dru\u0161tvo sa ograni\u010denom odgovorno\u0161\u0107u registruje se u CRPS, na osnovu registracione prijave uz koju se podnosi propisana dokumentacija sa potrebnim informacijama o dru\u0161tvu i \u010dlanovima dru\u0161tva. # Potrebne informacije 1. JPR obrazac (jedinstveni registracioni obrazac) 2. Kopija li\u010dne karte i dokaz o uplati takse (taksa u iznosu od 5\u20ac Poreskoj upravi) 3. Spisak sa [&hellip;]<\/p>\n","protected":false},"author":3,"featured_media":0,"parent":85,"menu_order":0,"comment_status":"closed","ping_status":"closed","template":"","meta":{"_seopress_robots_primary_cat":"","_seopress_titles_title":"","_seopress_titles_desc":"","_seopress_robots_index":"","footnotes":""},"class_list":["post-93","page","type-page","status-publish","hentry"],"_links":{"self":[{"href":"https:\/\/mia.gov.me\/me\/wp-json\/wp\/v2\/pages\/93","targetHints":{"allow":["GET"]}}],"collection":[{"href":"https:\/\/mia.gov.me\/me\/wp-json\/wp\/v2\/pages"}],"about":[{"href":"https:\/\/mia.gov.me\/me\/wp-json\/wp\/v2\/types\/page"}],"author":[{"embeddable":true,"href":"https:\/\/mia.gov.me\/me\/wp-json\/wp\/v2\/users\/3"}],"replies":[{"embeddable":true,"href":"https:\/\/mia.gov.me\/me\/wp-json\/wp\/v2\/comments?post=93"}],"version-history":[{"count":10,"href":"https:\/\/mia.gov.me\/me\/wp-json\/wp\/v2\/pages\/93\/revisions"}],"predecessor-version":[{"id":2780,"href":"https:\/\/mia.gov.me\/me\/wp-json\/wp\/v2\/pages\/93\/revisions\/2780"}],"up":[{"embeddable":true,"href":"https:\/\/mia.gov.me\/me\/wp-json\/wp\/v2\/pages\/85"}],"wp:attachment":[{"href":"https:\/\/mia.gov.me\/me\/wp-json\/wp\/v2\/media?parent=93"}],"curies":[{"name":"wp","href":"https:\/\/api.w.org\/{rel}","templated":true}]}}